{"id":1550,"date":"2017-08-08T07:29:59","date_gmt":"2017-08-08T07:29:59","guid":{"rendered":"https:\/\/demos.daxes.net\/ivvit\/energotec\/?page_id=1550"},"modified":"2017-08-08T09:10:34","modified_gmt":"2017-08-08T09:10:34","slug":"legales-01","status":"publish","type":"page","link":"https:\/\/demos.daxes.net\/ivvit\/energotec\/legales-01\/","title":{"rendered":"CL\u00c1USULA DE PROTECCI\u00d3N DE DATOS PERSONALES"},"content":{"rendered":"<div class=\"wpb-content-wrapper\"><p>[vc_row css=\u00bb.vc_custom_1502177396668{margin-bottom: 30px !important;}\u00bb][vc_column]<h5 class='heading-content  style-1' ><span>CL\u00c1USULA DE PROTECCI\u00d3N DE DATOS PERSONALES<\/span><\/h5>[vc_empty_space height=\u00bb15px\u00bb][vc_column_text]<\/p>\n<p style=\"text-align: justify;\">Conforme a lo establecido en la Ley de Protecci\u00f3n de Datos Personales \u2013 Ley 29733 y su Reglamento, siendo que legalmente en el entorno digital, se considera expresa la manifestaci\u00f3n consistente en \u201chacer clic\u201d, \u201ccliquear\u201d, \u201cpinchar\u201d, \u201cdar un toque\u201d, \u201ctouch\u201d, \u201cpad\u201d u otros similares, a trav\u00e9s de la aceptaci\u00f3n de estos \u201cT\u00e9rminos y Condiciones\u201d de la p\u00e1gina web de ENERGOTEC S.A.C. (en adelante \u201cENERGOTEC\u201d), usted otorga su total y absoluto consentimiento a ENERGOTEC para que, en su calidad de titular del banco de datos personales de administraci\u00f3n privada denominado \u201cClientes y Potenciales Clientes\u201d, realice el tratamiento de sus datos personales (en adelante los \u201cDatos Personales\u201d) contenidos en el presente formulario o a los que tenga acceso o sean informados directamente por su persona a trav\u00e9s de la p\u00e1gina web de ENERGOTEC, llamadas telef\u00f3nicas, por medio digital, entre otros, especialmente sus nombres y apellidos completos, tipo y n\u00famero de documento de identidad, correos electr\u00f3nicos, tel\u00e9fonos de contacto, direcci\u00f3n, empresa en la que trabaja y cargo que ocupa, entre otros datos personales afines.<\/p>\n<p>[\/vc_column_text][vc_empty_space][vc_column_text]<\/p>\n<p style=\"text-align: justify;\">En ese sentido, ENERGOTEC podr\u00e1 contactarlo v\u00eda telef\u00f3nica, por correo electr\u00f3nico o por correo f\u00edsico, para: (i) fines estad\u00edsticos e hist\u00f3ricos; (ii) atender de manera id\u00f3nea las solicitudes de informaci\u00f3n que pueda hacer a ENERGOTEC; (iii) saber si mantiene inter\u00e9s en adquirir alguno de los productos y\/o servicios ofertados por ENERGOTEC; (iv) enviarle las proformas, presupuestos y caracter\u00edsticas de los productos y\/o servicios ofertados por ENERGOTEC; y, (v) enviarle peri\u00f3dicamente promociones, cat\u00e1logos, boletines, noticias, ofertas y\/o campa\u00f1as comerciales respecto de los productos y\/o servicios ofertados por ENERGOTEC, ya sea por intermedio de sistemas de llamado telef\u00f3nico, de env\u00edo de mensajes de texto a celular, mensajes electr\u00f3nicos masivos, cat\u00e1logos f\u00edsicos a trav\u00e9s de courier, o similares. En ese sentido, con esta aceptaci\u00f3n, usted manifiesta su total conformidad y consentimiento en que su informaci\u00f3n sea facilitada a terceros, de los que ENERGOTEC se valga, para la ejecuci\u00f3n de las referidas comunicaciones. Este consentimiento es otorgado conforme a lo establecido en la Ley 29733 &#8211; Ley de Protecci\u00f3n de Datos personales y el Decreto Supremo 003-2013\/JUS &#8211; Reglamento de la Ley. Los Datos Personales podr\u00e1n ser recopilados, registrados, organizados, almacenados, conservados, modificados, utilizados, suprimidos y consultados, pero no ser\u00e1n transferidos o compartidos con ning\u00fan tercero -con excepci\u00f3n de lo indicado anteriormente- y no ser\u00e1n utilizados con ning\u00fan objetivo il\u00edcito por ENERGOTEC.<\/p>\n<p>[\/vc_column_text][vc_empty_space][vc_column_text]<\/p>\n<p style=\"text-align: justify;\">Finalmente, declaro tener pleno conocimiento de la existencia del banco de datos personales de titularidad de ENERGOTEC en que se almacenar\u00e1n los Datos Personales, cuya oficina se encuentra ubicada en Calle Los Pl\u00e1sticos 204, urbanizaci\u00f3n Vulcano, distrito de Ate Vitarte, provincia y departamento de Lima, Per\u00fa. De la misma manera, est\u00e1 informado de: (i) las consecuencias legales de otorgar su consentimiento para el tratamiento de los Datos Personales y la posibilidad de revocar el mismo para lo cual podr\u00e1 enviar un correo electr\u00f3nico con su solicitud a la siguiente direcci\u00f3n: <span style=\"color: #b30000;\"><a style=\"color: #b30000;\" href=\"mailto:protecciondedatos@energotecsac.com\">protecciondedatos@energotecsac.com<\/a><\/span> ; (ii) del tiempo durante el cual los Datos Personales ser\u00e1n conservados, el cual no exceder\u00e1 de 5 a\u00f1os; (iii) la <span style=\"color: #b30000;\"><a style=\"color: #b30000;\" href=\"https:\/\/demos.daxes.net\/ivvit\/energotec\/legales-02\/\">Pol\u00edtica Corporativa de Tratamiento de Datos Personales de ENERGOTEC<\/a><\/span>, la cual se encuentra publicada en la p\u00e1gina web, la misma que declara haber le\u00eddo y entendido en su integridad y respecto de la cual se encuentra conforme; y, (iv) de la posibilidad de ejercer los derechos que la Ley de Protecci\u00f3n de Datos Personales y su Reglamento le conceden, as\u00ed como los medios y procedimientos previstos para ello en ENERGOTEC.<\/p>\n<p>[\/vc_column_text][\/vc_column][\/vc_row]<\/p>\n<\/div>","protected":false},"excerpt":{"rendered":"<p>[vc_row css=\u00bb.vc_custom_1502177396668{margin-bottom: 30px !important;}\u00bb][vc_column][vc_empty_space height=\u00bb15px\u00bb][vc_column_text] Conforme a lo establecido en la Ley de Protecci\u00f3n de Datos Personales \u2013 Ley 29733 y su Reglamento, siendo que legalmente en el entorno digital, se considera expresa la manifestaci\u00f3n consistente en \u201chacer clic\u201d, \u201ccliquear\u201d, &hellip;<\/p>\n","protected":false},"author":1,"featured_media":0,"parent":0,"menu_order":0,"comment_status":"open","ping_status":"open","template":"","meta":{"_glsr_average":0,"_glsr_ranking":0,"_glsr_reviews":0,"footnotes":""},"class_list":["post-1550","page","type-page","status-publish","hentry"],"yoast_head":"<!-- This site is optimized with the Yoast SEO plugin v22.7 - https:\/\/yoast.com\/wordpress\/plugins\/seo\/ -->\n<title>CL\u00c1USULA DE PROTECCI\u00d3N DE DATOS PERSONALES - Energotec<\/title>\n<meta name=\"robots\" content=\"index, follow, max-snippet:-1, max-image-preview:large, max-video-preview:-1\" \/>\n<link rel=\"canonical\" href=\"https:\/\/demos.daxes.net\/ivvit\/energotec\/legales-01\/\" \/>\n<meta property=\"og:locale\" content=\"es_ES\" \/>\n<meta property=\"og:type\" content=\"article\" \/>\n<meta property=\"og:title\" content=\"CL\u00c1USULA DE PROTECCI\u00d3N DE DATOS PERSONALES - Energotec\" \/>\n<meta property=\"og:description\" content=\"[vc_row css=\u00bb.vc_custom_1502177396668{margin-bottom: 30px !important;}\u00bb][vc_column][vc_empty_space height=\u00bb15px\u00bb][vc_column_text] Conforme a lo establecido en la Ley de Protecci\u00f3n de Datos Personales \u2013 Ley 29733 y su Reglamento, siendo que legalmente en el entorno digital, se considera expresa la manifestaci\u00f3n consistente en \u201chacer clic\u201d, \u201ccliquear\u201d, &hellip;\" \/>\n<meta property=\"og:url\" content=\"https:\/\/demos.daxes.net\/ivvit\/energotec\/legales-01\/\" \/>\n<meta property=\"og:site_name\" content=\"Energotec\" \/>\n<meta property=\"article:modified_time\" content=\"2017-08-08T09:10:34+00:00\" \/>\n<meta name=\"twitter:card\" content=\"summary_large_image\" \/>\n<meta name=\"twitter:label1\" content=\"Tiempo de lectura\" \/>\n\t<meta name=\"twitter:data1\" content=\"3 minutos\" \/>\n<script type=\"application\/ld+json\" class=\"yoast-schema-graph\">{\"@context\":\"https:\/\/schema.org\",\"@graph\":[{\"@type\":\"WebPage\",\"@id\":\"https:\/\/demos.daxes.net\/ivvit\/energotec\/legales-01\/\",\"url\":\"https:\/\/demos.daxes.net\/ivvit\/energotec\/legales-01\/\",\"name\":\"CL\u00c1USULA DE PROTECCI\u00d3N DE DATOS PERSONALES - Energotec\",\"isPartOf\":{\"@id\":\"https:\/\/demos.daxes.net\/ivvit\/energotec\/#website\"},\"datePublished\":\"2017-08-08T07:29:59+00:00\",\"dateModified\":\"2017-08-08T09:10:34+00:00\",\"breadcrumb\":{\"@id\":\"https:\/\/demos.daxes.net\/ivvit\/energotec\/legales-01\/#breadcrumb\"},\"inLanguage\":\"es\",\"potentialAction\":[{\"@type\":\"ReadAction\",\"target\":[\"https:\/\/demos.daxes.net\/ivvit\/energotec\/legales-01\/\"]}]},{\"@type\":\"BreadcrumbList\",\"@id\":\"https:\/\/demos.daxes.net\/ivvit\/energotec\/legales-01\/#breadcrumb\",\"itemListElement\":[{\"@type\":\"ListItem\",\"position\":1,\"name\":\"Home\",\"item\":\"https:\/\/demos.daxes.net\/ivvit\/energotec\/\"},{\"@type\":\"ListItem\",\"position\":2,\"name\":\"CL\u00c1USULA DE PROTECCI\u00d3N DE DATOS PERSONALES\"}]},{\"@type\":\"WebSite\",\"@id\":\"https:\/\/demos.daxes.net\/ivvit\/energotec\/#website\",\"url\":\"https:\/\/demos.daxes.net\/ivvit\/energotec\/\",\"name\":\"Energotec\",\"description\":\"Equipos industriales y herramientas de alta calidad\",\"publisher\":{\"@id\":\"https:\/\/demos.daxes.net\/ivvit\/energotec\/#organization\"},\"potentialAction\":[{\"@type\":\"SearchAction\",\"target\":{\"@type\":\"EntryPoint\",\"urlTemplate\":\"https:\/\/demos.daxes.net\/ivvit\/energotec\/?s={search_term_string}\"},\"query-input\":\"required name=search_term_string\"}],\"inLanguage\":\"es\"},{\"@type\":\"Organization\",\"@id\":\"https:\/\/demos.daxes.net\/ivvit\/energotec\/#organization\",\"name\":\"Energotec\",\"url\":\"https:\/\/demos.daxes.net\/ivvit\/energotec\/\",\"logo\":{\"@type\":\"ImageObject\",\"inLanguage\":\"es\",\"@id\":\"https:\/\/demos.daxes.net\/ivvit\/energotec\/#\/schema\/logo\/image\/\",\"url\":\"https:\/\/demos.daxes.net\/ivvit\/energotec\/wp-content\/uploads\/2022\/04\/logo-energotec.png\",\"contentUrl\":\"https:\/\/demos.daxes.net\/ivvit\/energotec\/wp-content\/uploads\/2022\/04\/logo-energotec.png\",\"width\":290,\"height\":72,\"caption\":\"Energotec\"},\"image\":{\"@id\":\"https:\/\/demos.daxes.net\/ivvit\/energotec\/#\/schema\/logo\/image\/\"}}]}<\/script>\n<!-- \/ Yoast SEO plugin. -->","yoast_head_json":{"title":"CL\u00c1USULA DE PROTECCI\u00d3N DE DATOS PERSONALES - Energotec","robots":{"index":"index","follow":"follow","max-snippet":"max-snippet:-1","max-image-preview":"max-image-preview:large","max-video-preview":"max-video-preview:-1"},"canonical":"https:\/\/demos.daxes.net\/ivvit\/energotec\/legales-01\/","og_locale":"es_ES","og_type":"article","og_title":"CL\u00c1USULA DE PROTECCI\u00d3N DE DATOS PERSONALES - Energotec","og_description":"[vc_row css=\u00bb.vc_custom_1502177396668{margin-bottom: 30px !important;}\u00bb][vc_column][vc_empty_space height=\u00bb15px\u00bb][vc_column_text] Conforme a lo establecido en la Ley de Protecci\u00f3n de Datos Personales \u2013 Ley 29733 y su Reglamento, siendo que legalmente en el entorno digital, se considera expresa la manifestaci\u00f3n consistente en \u201chacer clic\u201d, \u201ccliquear\u201d, &hellip;","og_url":"https:\/\/demos.daxes.net\/ivvit\/energotec\/legales-01\/","og_site_name":"Energotec","article_modified_time":"2017-08-08T09:10:34+00:00","twitter_card":"summary_large_image","twitter_misc":{"Tiempo de lectura":"3 minutos"},"schema":{"@context":"https:\/\/schema.org","@graph":[{"@type":"WebPage","@id":"https:\/\/demos.daxes.net\/ivvit\/energotec\/legales-01\/","url":"https:\/\/demos.daxes.net\/ivvit\/energotec\/legales-01\/","name":"CL\u00c1USULA DE PROTECCI\u00d3N DE DATOS PERSONALES - Energotec","isPartOf":{"@id":"https:\/\/demos.daxes.net\/ivvit\/energotec\/#website"},"datePublished":"2017-08-08T07:29:59+00:00","dateModified":"2017-08-08T09:10:34+00:00","breadcrumb":{"@id":"https:\/\/demos.daxes.net\/ivvit\/energotec\/legales-01\/#breadcrumb"},"inLanguage":"es","potentialAction":[{"@type":"ReadAction","target":["https:\/\/demos.daxes.net\/ivvit\/energotec\/legales-01\/"]}]},{"@type":"BreadcrumbList","@id":"https:\/\/demos.daxes.net\/ivvit\/energotec\/legales-01\/#breadcrumb","itemListElement":[{"@type":"ListItem","position":1,"name":"Home","item":"https:\/\/demos.daxes.net\/ivvit\/energotec\/"},{"@type":"ListItem","position":2,"name":"CL\u00c1USULA DE PROTECCI\u00d3N DE DATOS PERSONALES"}]},{"@type":"WebSite","@id":"https:\/\/demos.daxes.net\/ivvit\/energotec\/#website","url":"https:\/\/demos.daxes.net\/ivvit\/energotec\/","name":"Energotec","description":"Equipos industriales y herramientas de alta calidad","publisher":{"@id":"https:\/\/demos.daxes.net\/ivvit\/energotec\/#organization"},"potentialAction":[{"@type":"SearchAction","target":{"@type":"EntryPoint","urlTemplate":"https:\/\/demos.daxes.net\/ivvit\/energotec\/?s={search_term_string}"},"query-input":"required name=search_term_string"}],"inLanguage":"es"},{"@type":"Organization","@id":"https:\/\/demos.daxes.net\/ivvit\/energotec\/#organization","name":"Energotec","url":"https:\/\/demos.daxes.net\/ivvit\/energotec\/","logo":{"@type":"ImageObject","inLanguage":"es","@id":"https:\/\/demos.daxes.net\/ivvit\/energotec\/#\/schema\/logo\/image\/","url":"https:\/\/demos.daxes.net\/ivvit\/energotec\/wp-content\/uploads\/2022\/04\/logo-energotec.png","contentUrl":"https:\/\/demos.daxes.net\/ivvit\/energotec\/wp-content\/uploads\/2022\/04\/logo-energotec.png","width":290,"height":72,"caption":"Energotec"},"image":{"@id":"https:\/\/demos.daxes.net\/ivvit\/energotec\/#\/schema\/logo\/image\/"}}]}},"_links":{"self":[{"href":"https:\/\/demos.daxes.net\/ivvit\/energotec\/wp-json\/wp\/v2\/pages\/1550","targetHints":{"allow":["GET"]}}],"collection":[{"href":"https:\/\/demos.daxes.net\/ivvit\/energotec\/wp-json\/wp\/v2\/pages"}],"about":[{"href":"https:\/\/demos.daxes.net\/ivvit\/energotec\/wp-json\/wp\/v2\/types\/page"}],"author":[{"embeddable":true,"href":"https:\/\/demos.daxes.net\/ivvit\/energotec\/wp-json\/wp\/v2\/users\/1"}],"replies":[{"embeddable":true,"href":"https:\/\/demos.daxes.net\/ivvit\/energotec\/wp-json\/wp\/v2\/comments?post=1550"}],"version-history":[{"count":6,"href":"https:\/\/demos.daxes.net\/ivvit\/energotec\/wp-json\/wp\/v2\/pages\/1550\/revisions"}],"predecessor-version":[{"id":1569,"href":"https:\/\/demos.daxes.net\/ivvit\/energotec\/wp-json\/wp\/v2\/pages\/1550\/revisions\/1569"}],"wp:attachment":[{"href":"https:\/\/demos.daxes.net\/ivvit\/energotec\/wp-json\/wp\/v2\/media?parent=1550"}],"curies":[{"name":"wp","href":"https:\/\/api.w.org\/{rel}","templated":true}]}}