{"id":683,"date":"2016-10-09T00:43:46","date_gmt":"2016-10-09T00:43:46","guid":{"rendered":"http:\/\/cosmicperu.com\/clientes\/Energotec\/?page_id=683"},"modified":"2023-01-20T10:48:20","modified_gmt":"2023-01-20T15:48:20","slug":"nosotros","status":"publish","type":"page","link":"https:\/\/demos.daxes.net\/ivvit\/energotec\/nosotros\/","title":{"rendered":"Nosotros"},"content":{"rendered":"<div class=\"wpb-content-wrapper\"><p>[vc_row has_content=\u00bbtrue\u00bb][vc_column][rev_slider_vc alias=\u00bbnosotros\u00bb][\/vc_column][\/vc_row][vc_row has_content=\u00bbtrue\u00bb][vc_column]<h3 class='heading-content  style-1' ><span>ENERGOTEC S.A.C.<\/span><\/h3>[vc_column_text css=\u00bb.vc_custom_1581514778513{margin-bottom: 30px !important;}\u00bb]<\/p>\n<p style=\"text-align: justify;\">ENERGOTEC S.A.C.\u00a0es una empresa peruana fundada en 1994 por los empresarios Juan Alvaro Lira Villanueva y Vicente Russo Pestana, a ra\u00edz de la divisi\u00f3n de Peruvian Trading Corporation, empresa comercial de origen brit\u00e1nico fundada en Lima el a\u00f1o 1932.<\/p>\n<p style=\"text-align: justify;\">Nos dedicamos a la venta y servicio t\u00e9cnico de equipos, herramientas y componentes para la industria, actuando como distribuidor o agente comercial de diversos fabricantes del extranjero, como EE.UU. y Canad\u00e1.<\/p>\n<p style=\"text-align: justify;\">Contamos con un grupo de Ingenieros dedicados a la venta y servicio post venta de los equipos, herramientas y componentes que comercializamos.<\/p>\n<p style=\"text-align: justify;\">En sus m\u00e1s de 25 a\u00f1os de vida, ENERGOTEC ha logrado establecerse como un proveedor de productos de calidad en la miner\u00eda e industria b\u00e1sica del Per\u00fa.<\/p>\n<p>[\/vc_column_text][vc_row_inner][vc_column_inner width=\u00bb2\/3&#8243;]<h3 class='heading-content  style-1' ><span>MISI\u00d3N<\/span><\/h3>[vc_column_text css=\u00bb.vc_custom_1490863741978{margin-bottom: 30px !important;}\u00bb]<\/p>\n<p style=\"text-align: justify;\">Proveer a nuestros clientes de equipos industriales y herramientas de alta calidad con prontitud, eficiencia y un servicio de pre y post-venta profesional.<\/p>\n<p style=\"text-align: justify;\">Brindar a nuestras representadas y proveedores de equipos y herramientas, un canal de venta altamente calificado y profesional para atender el mercado industrial peruano.<\/p>\n<p style=\"text-align: justify;\">Brindar a nuestros colaboradores y personal un ambiente de trabajo que permita un constante y satisfactorio desarrollo profesional y personal.<\/p>\n<p>[\/vc_column_text][\/vc_column_inner][vc_column_inner width=\u00bb1\/3&#8243;][vc_single_image image=\u00bb1378&#8243; img_size=\u00bbfull\u00bb alignment=\u00bbcenter\u00bb css=\u00bb.vc_custom_1671638562424{margin-bottom: 0px !important;border-bottom-width: 0px !important;padding-bottom: 0px !important;}\u00bb][vc_column_text css=\u00bb.vc_custom_1671638543218{margin-top: 0px !important;border-top-width: 0px !important;padding-top: 0px !important;}\u00bb]Oficina principal Lima[\/vc_column_text][\/vc_column_inner][\/vc_row_inner][vc_row_inner][vc_column_inner width=\u00bb2\/3&#8243;]<h3 class='heading-content  style-1' ><span>VISI\u00d3N<\/span><\/h3>[vc_column_text css=\u00bb.vc_custom_1490863727664{margin-bottom: 30px !important;}\u00bb]<\/p>\n<p style=\"text-align: justify;\">Ser un proveedor confiable, profesional\u00a0 y altamente capacitado, que satisfaga las necesidades de equipos industriales y herramientas de las empresas industriales del Per\u00fa, contando con un soporte t\u00e9cnico de pre y post-venta de nivel internacional.<\/p>\n<p>[\/vc_column_text][\/vc_column_inner][vc_column_inner width=\u00bb1\/3&#8243;][vc_single_image image=\u00bb1735&#8243; img_size=\u00bbfull\u00bb alignment=\u00bbcenter\u00bb css=\u00bb.vc_custom_1671638573607{margin-bottom: 0px !important;border-bottom-width: 0px !important;padding-bottom: 0px !important;}\u00bb][vc_column_text css=\u00bb.vc_custom_1671638552529{margin-top: 0px !important;border-top-width: 0px !important;padding-top: 0px !important;}\u00bb]Oficina Arequipa[\/vc_column_text][\/vc_column_inner][\/vc_row_inner][vc_row_inner][vc_column_inner][vc_video link=\u00bbhttps:\/\/www.youtube.com\/watch?v=JcIXP0ShWJ0&#8243; align=\u00bbcenter\u00bb][\/vc_column_inner][\/vc_row_inner][\/vc_column][\/vc_row][vc_column width=\u00bb2\/3&#8243;][\/vc_column][vc_column width=\u00bb1\/3&#8243;][\/vc_column][vc_row][vc_column css=\u00bb.vc_custom_1672201558950{margin-bottom: 50px !important;}\u00bb]<h2 class='heading-left  divider-modern' ><span>NUESTRA HISTORIA<\/span><\/h2><div class=\"timeline\"><div class=\"timeline-item\"><div class=\"timeline-year\">1994<\/div><div class=\"timeline-content\"><h3 class=\"timeline-title\"><\/h3><div class=\"timeline-text\">Fundaci\u00f3n de Energotec S.A. por los socios Juan Alvaro Lira Villanueva y Vicente Russo Pestana. Originalmente dedicada a la representaci\u00f3n y venta de equipos de proceso y generaci\u00f3n de energ\u00eda como Babcock &amp; Wilcox, Dresser-Rand y Cutes Corporation.<\/div><\/div><\/div><div class=\"timeline-item\"><div class=\"timeline-year\">1998<\/div><div class=\"timeline-content\"><h3 class=\"timeline-title\"><\/h3><div class=\"timeline-text\">Energotec es nombrado distribuidor oficial del fabricante de herramientas Snap-on Tools de los EE.UU. Jorge Lira de las Casas es nombrado Gerente General e incorporado como socio minoritario. Enrique Montalvo es nombrado Gerente Comercial.<\/div><\/div><\/div><div class=\"timeline-item\"><div class=\"timeline-year\">2003<\/div><div class=\"timeline-content\"><h3 class=\"timeline-title\"><\/h3><div class=\"timeline-text\">La empresa adquiere su local propio en el distrito de Ate, ciudad de Lima. Ingreso al negocio de venta de gr\u00faas m\u00f3viles.<\/div><\/div><\/div><div class=\"timeline-item\"><div class=\"timeline-year\">2013<\/div><div class=\"timeline-content\"><h3 class=\"timeline-title\"><\/h3><div class=\"timeline-text\">Implementaci\u00f3n de Sistema de Gesti\u00f3n de Calidad bajo la norma ISO 9001, certificado por T\u00dcV Rheinland. Apertura de sucursal de Arequipa.<\/div><\/div><\/div><div class=\"timeline-item\"><div class=\"timeline-year\">2017<\/div><div class=\"timeline-content\"><h3 class=\"timeline-title\"><\/h3><div class=\"timeline-text\">Ampliaci\u00f3n del local de Ate para incorporar nuevas oficinas, ampliar almacenes, taller de servicio post-venta, y laboratorios de calibraci\u00f3n.<\/div><\/div><\/div><div class=\"timeline-item\"><div class=\"timeline-year\">2020<\/div><div class=\"timeline-content\"><h3 class=\"timeline-title\"><\/h3><div class=\"timeline-text\">Implementaci\u00f3n de nueva sucursal de Arequipa, incluyendo \u00e1rea de almacenes, taller de servicio post-venta y laboratorio de calibraci\u00f3n de herramientas de torque.<\/div><\/div><\/div><\/div>[\/vc_column][\/vc_row][vc_row][vc_column]<h2 class='heading-left  divider-modern' ><span>FUNDADORES DE ENERGOTEC<\/span><\/h2><div class='team team-col-3'><div class='member'><div class='member-wrap'><div class='member-image'><a href='https:\/\/demos.daxes.net\/ivvit\/energotec\/team\/juan-alvaro-lira-villanueva\/'><img loading=\"lazy\" decoding=\"async\" width=\"285\" height=\"355\" src=\"https:\/\/demos.daxes.net\/ivvit\/energotec\/wp-content\/uploads\/2016\/01\/J_Lira-1-285x355.png\" class=\"attachment-anps-team size-anps-team wp-post-image\" alt=\"\" \/><\/a><\/div><a href='https:\/\/demos.daxes.net\/ivvit\/energotec\/team\/juan-alvaro-lira-villanueva\/'><h3 class='member-name'>Juan  Alvaro Lira Villanueva<\/h3><\/a><p class='member-desc'>Fundador de Energotec. Ingeniero qu\u00edmico industrial de la Escuela de Ingenieros del Per\u00fa. Empresario, fundador de varias empresas industriales y comerciales entre 1970 y 1990. Director de empresas privadas y estatales.<\/p><\/div><\/div><div class='member'><div class='member-wrap'><div class='member-image'><a href='https:\/\/demos.daxes.net\/ivvit\/energotec\/team\/vicente-russo-pestana\/'><img loading=\"lazy\" decoding=\"async\" width=\"285\" height=\"351\" src=\"https:\/\/demos.daxes.net\/ivvit\/energotec\/wp-content\/uploads\/2016\/01\/V_Russo.png\" class=\"attachment-anps-team size-anps-team wp-post-image\" alt=\"\" srcset=\"https:\/\/demos.daxes.net\/ivvit\/energotec\/wp-content\/uploads\/2016\/01\/V_Russo.png 285w, https:\/\/demos.daxes.net\/ivvit\/energotec\/wp-content\/uploads\/2016\/01\/V_Russo-244x300.png 244w\" sizes=\"auto, (max-width: 285px) 100vw, 285px\" \/><\/a><\/div><a href='https:\/\/demos.daxes.net\/ivvit\/energotec\/team\/vicente-russo-pestana\/'><h3 class='member-name'>Vicente Russo Pestana<\/h3><\/a><p class='member-desc'>Fundador de Energotec. Ingeniero qu\u00edmico de la Universidad Nacional de Trujillo.\r\nSuperintendente General de la Empresa Azucarera Laredo por m\u00e1s de 25 a\u00f1os. Gerente T\u00e9cnico Comercial de Corporaci\u00f3n T\u00e9cnica de Comercio por 25 a\u00f1os.<\/p><\/div><\/div><\/div>[\/vc_column][\/vc_row]<\/p>\n<\/div>","protected":false},"excerpt":{"rendered":"<p>[vc_row has_content=\u00bbtrue\u00bb][vc_column][rev_slider_vc alias=\u00bbnosotros\u00bb][\/vc_column][\/vc_row][vc_row has_content=\u00bbtrue\u00bb][vc_column][vc_column_text css=\u00bb.vc_custom_1581514778513{margin-bottom: 30px !important;}\u00bb] ENERGOTEC S.A.C.\u00a0es una empresa peruana fundada en 1994 por los empresarios Juan Alvaro Lira Villanueva y Vicente Russo Pestana, a ra\u00edz de la divisi\u00f3n de Peruvian Trading Corporation, empresa comercial de origen brit\u00e1nico &hellip;<\/p>\n","protected":false},"author":1,"featured_media":0,"parent":0,"menu_order":0,"comment_status":"closed","ping_status":"open","template":"","meta":{"_glsr_average":0,"_glsr_ranking":0,"_glsr_reviews":0,"footnotes":""},"class_list":["post-683","page","type-page","status-publish","hentry"],"yoast_head":"<!-- This site is optimized with the Yoast SEO plugin v22.7 - https:\/\/yoast.com\/wordpress\/plugins\/seo\/ -->\n<title>Nosotros - Energotec<\/title>\n<meta name=\"description\" content=\"Nos dedicamos a la venta y servicio t\u00e9cnico de equipos, herramientas y componentes para la industria, actuando como distribuidor o agente comercial.\" \/>\n<meta name=\"robots\" content=\"index, follow, max-snippet:-1, max-image-preview:large, max-video-preview:-1\" \/>\n<link rel=\"canonical\" href=\"https:\/\/demos.daxes.net\/ivvit\/energotec\/nosotros\/\" \/>\n<meta property=\"og:locale\" content=\"es_ES\" \/>\n<meta property=\"og:type\" content=\"article\" \/>\n<meta property=\"og:title\" content=\"Nosotros - Energotec\" \/>\n<meta property=\"og:description\" content=\"Nos dedicamos a la venta y servicio t\u00e9cnico de equipos, herramientas y componentes para la industria, actuando como distribuidor o agente comercial.\" \/>\n<meta property=\"og:url\" content=\"https:\/\/demos.daxes.net\/ivvit\/energotec\/nosotros\/\" \/>\n<meta property=\"og:site_name\" content=\"Energotec\" \/>\n<meta property=\"article:modified_time\" content=\"2023-01-20T15:48:20+00:00\" \/>\n<meta name=\"twitter:card\" content=\"summary_large_image\" \/>\n<meta name=\"twitter:label1\" content=\"Tiempo de lectura\" \/>\n\t<meta name=\"twitter:data1\" content=\"2 minutos\" \/>\n<script type=\"application\/ld+json\" class=\"yoast-schema-graph\">{\"@context\":\"https:\/\/schema.org\",\"@graph\":[{\"@type\":\"WebPage\",\"@id\":\"https:\/\/demos.daxes.net\/ivvit\/energotec\/nosotros\/\",\"url\":\"https:\/\/demos.daxes.net\/ivvit\/energotec\/nosotros\/\",\"name\":\"Nosotros - Energotec\",\"isPartOf\":{\"@id\":\"https:\/\/demos.daxes.net\/ivvit\/energotec\/#website\"},\"datePublished\":\"2016-10-09T00:43:46+00:00\",\"dateModified\":\"2023-01-20T15:48:20+00:00\",\"description\":\"Nos dedicamos a la venta y servicio t\u00e9cnico de equipos, herramientas y componentes para la industria, actuando como distribuidor o agente comercial.\",\"breadcrumb\":{\"@id\":\"https:\/\/demos.daxes.net\/ivvit\/energotec\/nosotros\/#breadcrumb\"},\"inLanguage\":\"es\",\"potentialAction\":[{\"@type\":\"ReadAction\",\"target\":[\"https:\/\/demos.daxes.net\/ivvit\/energotec\/nosotros\/\"]}]},{\"@type\":\"BreadcrumbList\",\"@id\":\"https:\/\/demos.daxes.net\/ivvit\/energotec\/nosotros\/#breadcrumb\",\"itemListElement\":[{\"@type\":\"ListItem\",\"position\":1,\"name\":\"Home\",\"item\":\"https:\/\/demos.daxes.net\/ivvit\/energotec\/\"},{\"@type\":\"ListItem\",\"position\":2,\"name\":\"Nosotros\"}]},{\"@type\":\"WebSite\",\"@id\":\"https:\/\/demos.daxes.net\/ivvit\/energotec\/#website\",\"url\":\"https:\/\/demos.daxes.net\/ivvit\/energotec\/\",\"name\":\"Energotec\",\"description\":\"Equipos industriales y herramientas de alta calidad\",\"publisher\":{\"@id\":\"https:\/\/demos.daxes.net\/ivvit\/energotec\/#organization\"},\"potentialAction\":[{\"@type\":\"SearchAction\",\"target\":{\"@type\":\"EntryPoint\",\"urlTemplate\":\"https:\/\/demos.daxes.net\/ivvit\/energotec\/?s={search_term_string}\"},\"query-input\":\"required name=search_term_string\"}],\"inLanguage\":\"es\"},{\"@type\":\"Organization\",\"@id\":\"https:\/\/demos.daxes.net\/ivvit\/energotec\/#organization\",\"name\":\"Energotec\",\"url\":\"https:\/\/demos.daxes.net\/ivvit\/energotec\/\",\"logo\":{\"@type\":\"ImageObject\",\"inLanguage\":\"es\",\"@id\":\"https:\/\/demos.daxes.net\/ivvit\/energotec\/#\/schema\/logo\/image\/\",\"url\":\"https:\/\/demos.daxes.net\/ivvit\/energotec\/wp-content\/uploads\/2022\/04\/logo-energotec.png\",\"contentUrl\":\"https:\/\/demos.daxes.net\/ivvit\/energotec\/wp-content\/uploads\/2022\/04\/logo-energotec.png\",\"width\":290,\"height\":72,\"caption\":\"Energotec\"},\"image\":{\"@id\":\"https:\/\/demos.daxes.net\/ivvit\/energotec\/#\/schema\/logo\/image\/\"}}]}<\/script>\n<!-- \/ Yoast SEO plugin. -->","yoast_head_json":{"title":"Nosotros - Energotec","description":"Nos dedicamos a la venta y servicio t\u00e9cnico de equipos, herramientas y componentes para la industria, actuando como distribuidor o agente comercial.","robots":{"index":"index","follow":"follow","max-snippet":"max-snippet:-1","max-image-preview":"max-image-preview:large","max-video-preview":"max-video-preview:-1"},"canonical":"https:\/\/demos.daxes.net\/ivvit\/energotec\/nosotros\/","og_locale":"es_ES","og_type":"article","og_title":"Nosotros - Energotec","og_description":"Nos dedicamos a la venta y servicio t\u00e9cnico de equipos, herramientas y componentes para la industria, actuando como distribuidor o agente comercial.","og_url":"https:\/\/demos.daxes.net\/ivvit\/energotec\/nosotros\/","og_site_name":"Energotec","article_modified_time":"2023-01-20T15:48:20+00:00","twitter_card":"summary_large_image","twitter_misc":{"Tiempo de lectura":"2 minutos"},"schema":{"@context":"https:\/\/schema.org","@graph":[{"@type":"WebPage","@id":"https:\/\/demos.daxes.net\/ivvit\/energotec\/nosotros\/","url":"https:\/\/demos.daxes.net\/ivvit\/energotec\/nosotros\/","name":"Nosotros - Energotec","isPartOf":{"@id":"https:\/\/demos.daxes.net\/ivvit\/energotec\/#website"},"datePublished":"2016-10-09T00:43:46+00:00","dateModified":"2023-01-20T15:48:20+00:00","description":"Nos dedicamos a la venta y servicio t\u00e9cnico de equipos, herramientas y componentes para la industria, actuando como distribuidor o agente comercial.","breadcrumb":{"@id":"https:\/\/demos.daxes.net\/ivvit\/energotec\/nosotros\/#breadcrumb"},"inLanguage":"es","potentialAction":[{"@type":"ReadAction","target":["https:\/\/demos.daxes.net\/ivvit\/energotec\/nosotros\/"]}]},{"@type":"BreadcrumbList","@id":"https:\/\/demos.daxes.net\/ivvit\/energotec\/nosotros\/#breadcrumb","itemListElement":[{"@type":"ListItem","position":1,"name":"Home","item":"https:\/\/demos.daxes.net\/ivvit\/energotec\/"},{"@type":"ListItem","position":2,"name":"Nosotros"}]},{"@type":"WebSite","@id":"https:\/\/demos.daxes.net\/ivvit\/energotec\/#website","url":"https:\/\/demos.daxes.net\/ivvit\/energotec\/","name":"Energotec","description":"Equipos industriales y herramientas de alta calidad","publisher":{"@id":"https:\/\/demos.daxes.net\/ivvit\/energotec\/#organization"},"potentialAction":[{"@type":"SearchAction","target":{"@type":"EntryPoint","urlTemplate":"https:\/\/demos.daxes.net\/ivvit\/energotec\/?s={search_term_string}"},"query-input":"required name=search_term_string"}],"inLanguage":"es"},{"@type":"Organization","@id":"https:\/\/demos.daxes.net\/ivvit\/energotec\/#organization","name":"Energotec","url":"https:\/\/demos.daxes.net\/ivvit\/energotec\/","logo":{"@type":"ImageObject","inLanguage":"es","@id":"https:\/\/demos.daxes.net\/ivvit\/energotec\/#\/schema\/logo\/image\/","url":"https:\/\/demos.daxes.net\/ivvit\/energotec\/wp-content\/uploads\/2022\/04\/logo-energotec.png","contentUrl":"https:\/\/demos.daxes.net\/ivvit\/energotec\/wp-content\/uploads\/2022\/04\/logo-energotec.png","width":290,"height":72,"caption":"Energotec"},"image":{"@id":"https:\/\/demos.daxes.net\/ivvit\/energotec\/#\/schema\/logo\/image\/"}}]}},"_links":{"self":[{"href":"https:\/\/demos.daxes.net\/ivvit\/energotec\/wp-json\/wp\/v2\/pages\/683","targetHints":{"allow":["GET"]}}],"collection":[{"href":"https:\/\/demos.daxes.net\/ivvit\/energotec\/wp-json\/wp\/v2\/pages"}],"about":[{"href":"https:\/\/demos.daxes.net\/ivvit\/energotec\/wp-json\/wp\/v2\/types\/page"}],"author":[{"embeddable":true,"href":"https:\/\/demos.daxes.net\/ivvit\/energotec\/wp-json\/wp\/v2\/users\/1"}],"replies":[{"embeddable":true,"href":"https:\/\/demos.daxes.net\/ivvit\/energotec\/wp-json\/wp\/v2\/comments?post=683"}],"version-history":[{"count":36,"href":"https:\/\/demos.daxes.net\/ivvit\/energotec\/wp-json\/wp\/v2\/pages\/683\/revisions"}],"predecessor-version":[{"id":2549,"href":"https:\/\/demos.daxes.net\/ivvit\/energotec\/wp-json\/wp\/v2\/pages\/683\/revisions\/2549"}],"wp:attachment":[{"href":"https:\/\/demos.daxes.net\/ivvit\/energotec\/wp-json\/wp\/v2\/media?parent=683"}],"curies":[{"name":"wp","href":"https:\/\/api.w.org\/{rel}","templated":true}]}}