{"id":716,"date":"2016-10-09T09:41:47","date_gmt":"2016-10-09T09:41:47","guid":{"rendered":"http:\/\/cosmicperu.com\/clientes\/Energotec\/?page_id=716"},"modified":"2022-12-20T01:13:37","modified_gmt":"2022-12-20T06:13:37","slug":"politica-sst","status":"publish","type":"page","link":"https:\/\/demos.daxes.net\/ivvit\/energotec\/nosotros\/politica-sst\/","title":{"rendered":"Pol\u00edtica de SST"},"content":{"rendered":"<div class=\"wpb-content-wrapper\"><p>[vc_row][vc_column width=\u00bb1\/2&#8243;][vc_row_inner][vc_column_inner width=\u00bb1\/2&#8243;][vc_single_image image=\u00bb717&#8243; img_size=\u00bbfull\u00bb onclick=\u00bblink_image\u00bb][\/vc_column_inner][vc_column_inner width=\u00bb1\/2&#8243;][vc_single_image image=\u00bb718&#8243; img_size=\u00bbfull\u00bb onclick=\u00bblink_image\u00bb][\/vc_column_inner][\/vc_row_inner][vc_empty_space height=\u00bb20px\u00bb][vc_row_inner][vc_column_inner width=\u00bb1\/2&#8243;][vc_single_image image=\u00bb720&#8243; img_size=\u00bbfull\u00bb onclick=\u00bblink_image\u00bb][\/vc_column_inner][vc_column_inner width=\u00bb1\/2&#8243;][vc_single_image image=\u00bb719&#8243; img_size=\u00bbfull\u00bb onclick=\u00bblink_image\u00bb][\/vc_column_inner][\/vc_row_inner][\/vc_column][vc_column width=\u00bb1\/2&#8243;]<h5 class='heading-content  style-1' ><span>POL\u00cdTICA DE SEGURIDAD Y SALUD EN EL TRABAJO<\/span><\/h5>[vc_column_text css=\u00bb.vc_custom_1476007566870{margin-bottom: 30px !important;}\u00bb]<\/p>\n<p style=\"text-align: justify;\">Nosotros ENERGOTEC SAC somos una empresa dedicada a la venta t\u00e9cnica y servicio post venta de equipos y herramientas de calidad para la industria, para lo cual contamos con un talento humano calificado e infraestructura adecuada que conllevan al mejoramiento continuo de todos nuestros procesos.<\/p>\n<p style=\"text-align: justify;\">A fin de cumplir con los requerimientos de Seguridad y Salud en el Trabajo vigentes nos comprometemos a:<\/p>\n<ul style=\"text-align: justify;\">\n<li>Dar cumplimiento a la legislaci\u00f3n vigente, as\u00ed como con las obligaciones t\u00e9cnicas, administrativas y comerciales de nuestra organizaci\u00f3n en relaci\u00f3n con la seguridad y salud en el trabajo.<\/li>\n<li>Estar focalizados en la mejora continua de la protecci\u00f3n de los trabajadores para conseguir resultados \u00f3ptimos en materia de seguridad y salud en el trabajo.<\/li>\n<li>Contar con un Sistema de Seguridad y Salud en el trabajo compatible con los otros sistemas de gesti\u00f3n de la organizaci\u00f3n.<\/li>\n<li>Garantizar la participaci\u00f3n activa de nuestros colaboradores en todos los elementos del sistema de gesti\u00f3n de seguridad y salud en el trabajo, realizando actividades de consulta, capacitaci\u00f3n y sensibilizaci\u00f3n.<\/li>\n<li>Proveer a nuestros colaboradores un ambiente seguro y agradable fomentando una cultura de protecci\u00f3n de la seguridad y salud de todos los miembros de la empresa mediante la prevenci\u00f3n de enfermedades e incidentes relacionados con el trabajo.<\/li>\n<\/ul>\n<p>[\/vc_column_text][vc_row_inner][vc_column_inner][vc_column_text]<\/p>\n<p style=\"text-align: justify;\">La responsabilidad por el cumplimiento de esta Pol\u00edtica ser\u00e1 de todo el personal de ENERGOTEC SAC y estar\u00e1 p\u00fablicamente disponible, debiendo ser difundida, comprendida, implementada y mantenida por todos los involucrados.<\/p>\n<p>[\/vc_column_text][\/vc_column_inner][\/vc_row_inner][\/vc_column][\/vc_row]<\/p>\n<\/div>","protected":false},"excerpt":{"rendered":"<p>[vc_row][vc_column width=\u00bb1\/2&#8243;][vc_row_inner][vc_column_inner width=\u00bb1\/2&#8243;][vc_single_image image=\u00bb717&#8243; img_size=\u00bbfull\u00bb onclick=\u00bblink_image\u00bb][\/vc_column_inner][vc_column_inner width=\u00bb1\/2&#8243;][vc_single_image image=\u00bb718&#8243; img_size=\u00bbfull\u00bb onclick=\u00bblink_image\u00bb][\/vc_column_inner][\/vc_row_inner][vc_empty_space height=\u00bb20px\u00bb][vc_row_inner][vc_column_inner width=\u00bb1\/2&#8243;][vc_single_image image=\u00bb720&#8243; img_size=\u00bbfull\u00bb onclick=\u00bblink_image\u00bb][\/vc_column_inner][vc_column_inner width=\u00bb1\/2&#8243;][vc_single_image image=\u00bb719&#8243; img_size=\u00bbfull\u00bb onclick=\u00bblink_image\u00bb][\/vc_column_inner][\/vc_row_inner][\/vc_column][vc_column width=\u00bb1\/2&#8243;][vc_column_text css=\u00bb.vc_custom_1476007566870{margin-bottom: 30px !important;}\u00bb] Nosotros ENERGOTEC SAC somos una empresa dedicada a la venta t\u00e9cnica y servicio post venta de equipos &hellip;<\/p>\n","protected":false},"author":1,"featured_media":0,"parent":683,"menu_order":0,"comment_status":"closed","ping_status":"open","template":"","meta":{"_glsr_average":0,"_glsr_ranking":0,"_glsr_reviews":0,"footnotes":""},"class_list":["post-716","page","type-page","status-publish","hentry"],"yoast_head":"<!-- This site is optimized with the Yoast SEO plugin v22.7 - https:\/\/yoast.com\/wordpress\/plugins\/seo\/ -->\n<title>Pol\u00edtica de SST - Energotec<\/title>\n<meta name=\"robots\" content=\"index, follow, max-snippet:-1, max-image-preview:large, max-video-preview:-1\" \/>\n<link rel=\"canonical\" href=\"https:\/\/demos.daxes.net\/ivvit\/energotec\/nosotros\/politica-sst\/\" \/>\n<meta property=\"og:locale\" content=\"es_ES\" \/>\n<meta property=\"og:type\" content=\"article\" \/>\n<meta property=\"og:title\" content=\"Pol\u00edtica de SST - Energotec\" \/>\n<meta property=\"og:description\" content=\"[vc_row][vc_column width=\u00bb1\/2&#8243;][vc_row_inner][vc_column_inner width=\u00bb1\/2&#8243;][vc_single_image image=\u00bb717&#8243; img_size=\u00bbfull\u00bb onclick=\u00bblink_image\u00bb][\/vc_column_inner][vc_column_inner width=\u00bb1\/2&#8243;][vc_single_image image=\u00bb718&#8243; img_size=\u00bbfull\u00bb onclick=\u00bblink_image\u00bb][\/vc_column_inner][\/vc_row_inner][vc_empty_space height=\u00bb20px\u00bb][vc_row_inner][vc_column_inner width=\u00bb1\/2&#8243;][vc_single_image image=\u00bb720&#8243; img_size=\u00bbfull\u00bb onclick=\u00bblink_image\u00bb][\/vc_column_inner][vc_column_inner width=\u00bb1\/2&#8243;][vc_single_image image=\u00bb719&#8243; img_size=\u00bbfull\u00bb onclick=\u00bblink_image\u00bb][\/vc_column_inner][\/vc_row_inner][\/vc_column][vc_column width=\u00bb1\/2&#8243;][vc_column_text css=\u00bb.vc_custom_1476007566870{margin-bottom: 30px !important;}\u00bb] Nosotros ENERGOTEC SAC somos una empresa dedicada a la venta t\u00e9cnica y servicio post venta de equipos &hellip;\" \/>\n<meta property=\"og:url\" content=\"https:\/\/demos.daxes.net\/ivvit\/energotec\/nosotros\/politica-sst\/\" \/>\n<meta property=\"og:site_name\" content=\"Energotec\" \/>\n<meta property=\"article:modified_time\" content=\"2022-12-20T06:13:37+00:00\" \/>\n<meta name=\"twitter:card\" content=\"summary_large_image\" \/>\n<meta name=\"twitter:label1\" content=\"Tiempo de lectura\" \/>\n\t<meta name=\"twitter:data1\" content=\"2 minutos\" \/>\n<script type=\"application\/ld+json\" class=\"yoast-schema-graph\">{\"@context\":\"https:\/\/schema.org\",\"@graph\":[{\"@type\":\"WebPage\",\"@id\":\"https:\/\/demos.daxes.net\/ivvit\/energotec\/nosotros\/politica-sst\/\",\"url\":\"https:\/\/demos.daxes.net\/ivvit\/energotec\/nosotros\/politica-sst\/\",\"name\":\"Pol\u00edtica de SST - Energotec\",\"isPartOf\":{\"@id\":\"https:\/\/demos.daxes.net\/ivvit\/energotec\/#website\"},\"datePublished\":\"2016-10-09T09:41:47+00:00\",\"dateModified\":\"2022-12-20T06:13:37+00:00\",\"breadcrumb\":{\"@id\":\"https:\/\/demos.daxes.net\/ivvit\/energotec\/nosotros\/politica-sst\/#breadcrumb\"},\"inLanguage\":\"es\",\"potentialAction\":[{\"@type\":\"ReadAction\",\"target\":[\"https:\/\/demos.daxes.net\/ivvit\/energotec\/nosotros\/politica-sst\/\"]}]},{\"@type\":\"BreadcrumbList\",\"@id\":\"https:\/\/demos.daxes.net\/ivvit\/energotec\/nosotros\/politica-sst\/#breadcrumb\",\"itemListElement\":[{\"@type\":\"ListItem\",\"position\":1,\"name\":\"Home\",\"item\":\"https:\/\/demos.daxes.net\/ivvit\/energotec\/\"},{\"@type\":\"ListItem\",\"position\":2,\"name\":\"Nosotros\",\"item\":\"https:\/\/demos.daxes.net\/ivvit\/energotec\/nosotros\/\"},{\"@type\":\"ListItem\",\"position\":3,\"name\":\"Pol\u00edtica de SST\"}]},{\"@type\":\"WebSite\",\"@id\":\"https:\/\/demos.daxes.net\/ivvit\/energotec\/#website\",\"url\":\"https:\/\/demos.daxes.net\/ivvit\/energotec\/\",\"name\":\"Energotec\",\"description\":\"Equipos industriales y herramientas de alta calidad\",\"publisher\":{\"@id\":\"https:\/\/demos.daxes.net\/ivvit\/energotec\/#organization\"},\"potentialAction\":[{\"@type\":\"SearchAction\",\"target\":{\"@type\":\"EntryPoint\",\"urlTemplate\":\"https:\/\/demos.daxes.net\/ivvit\/energotec\/?s={search_term_string}\"},\"query-input\":\"required name=search_term_string\"}],\"inLanguage\":\"es\"},{\"@type\":\"Organization\",\"@id\":\"https:\/\/demos.daxes.net\/ivvit\/energotec\/#organization\",\"name\":\"Energotec\",\"url\":\"https:\/\/demos.daxes.net\/ivvit\/energotec\/\",\"logo\":{\"@type\":\"ImageObject\",\"inLanguage\":\"es\",\"@id\":\"https:\/\/demos.daxes.net\/ivvit\/energotec\/#\/schema\/logo\/image\/\",\"url\":\"https:\/\/demos.daxes.net\/ivvit\/energotec\/wp-content\/uploads\/2022\/04\/logo-energotec.png\",\"contentUrl\":\"https:\/\/demos.daxes.net\/ivvit\/energotec\/wp-content\/uploads\/2022\/04\/logo-energotec.png\",\"width\":290,\"height\":72,\"caption\":\"Energotec\"},\"image\":{\"@id\":\"https:\/\/demos.daxes.net\/ivvit\/energotec\/#\/schema\/logo\/image\/\"}}]}<\/script>\n<!-- \/ Yoast SEO plugin. -->","yoast_head_json":{"title":"Pol\u00edtica de SST - Energotec","robots":{"index":"index","follow":"follow","max-snippet":"max-snippet:-1","max-image-preview":"max-image-preview:large","max-video-preview":"max-video-preview:-1"},"canonical":"https:\/\/demos.daxes.net\/ivvit\/energotec\/nosotros\/politica-sst\/","og_locale":"es_ES","og_type":"article","og_title":"Pol\u00edtica de SST - Energotec","og_description":"[vc_row][vc_column width=\u00bb1\/2&#8243;][vc_row_inner][vc_column_inner width=\u00bb1\/2&#8243;][vc_single_image image=\u00bb717&#8243; img_size=\u00bbfull\u00bb onclick=\u00bblink_image\u00bb][\/vc_column_inner][vc_column_inner width=\u00bb1\/2&#8243;][vc_single_image image=\u00bb718&#8243; img_size=\u00bbfull\u00bb onclick=\u00bblink_image\u00bb][\/vc_column_inner][\/vc_row_inner][vc_empty_space height=\u00bb20px\u00bb][vc_row_inner][vc_column_inner width=\u00bb1\/2&#8243;][vc_single_image image=\u00bb720&#8243; img_size=\u00bbfull\u00bb onclick=\u00bblink_image\u00bb][\/vc_column_inner][vc_column_inner width=\u00bb1\/2&#8243;][vc_single_image image=\u00bb719&#8243; img_size=\u00bbfull\u00bb onclick=\u00bblink_image\u00bb][\/vc_column_inner][\/vc_row_inner][\/vc_column][vc_column width=\u00bb1\/2&#8243;][vc_column_text css=\u00bb.vc_custom_1476007566870{margin-bottom: 30px !important;}\u00bb] Nosotros ENERGOTEC SAC somos una empresa dedicada a la venta t\u00e9cnica y servicio post venta de equipos &hellip;","og_url":"https:\/\/demos.daxes.net\/ivvit\/energotec\/nosotros\/politica-sst\/","og_site_name":"Energotec","article_modified_time":"2022-12-20T06:13:37+00:00","twitter_card":"summary_large_image","twitter_misc":{"Tiempo de lectura":"2 minutos"},"schema":{"@context":"https:\/\/schema.org","@graph":[{"@type":"WebPage","@id":"https:\/\/demos.daxes.net\/ivvit\/energotec\/nosotros\/politica-sst\/","url":"https:\/\/demos.daxes.net\/ivvit\/energotec\/nosotros\/politica-sst\/","name":"Pol\u00edtica de SST - Energotec","isPartOf":{"@id":"https:\/\/demos.daxes.net\/ivvit\/energotec\/#website"},"datePublished":"2016-10-09T09:41:47+00:00","dateModified":"2022-12-20T06:13:37+00:00","breadcrumb":{"@id":"https:\/\/demos.daxes.net\/ivvit\/energotec\/nosotros\/politica-sst\/#breadcrumb"},"inLanguage":"es","potentialAction":[{"@type":"ReadAction","target":["https:\/\/demos.daxes.net\/ivvit\/energotec\/nosotros\/politica-sst\/"]}]},{"@type":"BreadcrumbList","@id":"https:\/\/demos.daxes.net\/ivvit\/energotec\/nosotros\/politica-sst\/#breadcrumb","itemListElement":[{"@type":"ListItem","position":1,"name":"Home","item":"https:\/\/demos.daxes.net\/ivvit\/energotec\/"},{"@type":"ListItem","position":2,"name":"Nosotros","item":"https:\/\/demos.daxes.net\/ivvit\/energotec\/nosotros\/"},{"@type":"ListItem","position":3,"name":"Pol\u00edtica de SST"}]},{"@type":"WebSite","@id":"https:\/\/demos.daxes.net\/ivvit\/energotec\/#website","url":"https:\/\/demos.daxes.net\/ivvit\/energotec\/","name":"Energotec","description":"Equipos industriales y herramientas de alta calidad","publisher":{"@id":"https:\/\/demos.daxes.net\/ivvit\/energotec\/#organization"},"potentialAction":[{"@type":"SearchAction","target":{"@type":"EntryPoint","urlTemplate":"https:\/\/demos.daxes.net\/ivvit\/energotec\/?s={search_term_string}"},"query-input":"required name=search_term_string"}],"inLanguage":"es"},{"@type":"Organization","@id":"https:\/\/demos.daxes.net\/ivvit\/energotec\/#organization","name":"Energotec","url":"https:\/\/demos.daxes.net\/ivvit\/energotec\/","logo":{"@type":"ImageObject","inLanguage":"es","@id":"https:\/\/demos.daxes.net\/ivvit\/energotec\/#\/schema\/logo\/image\/","url":"https:\/\/demos.daxes.net\/ivvit\/energotec\/wp-content\/uploads\/2022\/04\/logo-energotec.png","contentUrl":"https:\/\/demos.daxes.net\/ivvit\/energotec\/wp-content\/uploads\/2022\/04\/logo-energotec.png","width":290,"height":72,"caption":"Energotec"},"image":{"@id":"https:\/\/demos.daxes.net\/ivvit\/energotec\/#\/schema\/logo\/image\/"}}]}},"_links":{"self":[{"href":"https:\/\/demos.daxes.net\/ivvit\/energotec\/wp-json\/wp\/v2\/pages\/716","targetHints":{"allow":["GET"]}}],"collection":[{"href":"https:\/\/demos.daxes.net\/ivvit\/energotec\/wp-json\/wp\/v2\/pages"}],"about":[{"href":"https:\/\/demos.daxes.net\/ivvit\/energotec\/wp-json\/wp\/v2\/types\/page"}],"author":[{"embeddable":true,"href":"https:\/\/demos.daxes.net\/ivvit\/energotec\/wp-json\/wp\/v2\/users\/1"}],"replies":[{"embeddable":true,"href":"https:\/\/demos.daxes.net\/ivvit\/energotec\/wp-json\/wp\/v2\/comments?post=716"}],"version-history":[{"count":12,"href":"https:\/\/demos.daxes.net\/ivvit\/energotec\/wp-json\/wp\/v2\/pages\/716\/revisions"}],"predecessor-version":[{"id":2500,"href":"https:\/\/demos.daxes.net\/ivvit\/energotec\/wp-json\/wp\/v2\/pages\/716\/revisions\/2500"}],"up":[{"embeddable":true,"href":"https:\/\/demos.daxes.net\/ivvit\/energotec\/wp-json\/wp\/v2\/pages\/683"}],"wp:attachment":[{"href":"https:\/\/demos.daxes.net\/ivvit\/energotec\/wp-json\/wp\/v2\/media?parent=716"}],"curies":[{"name":"wp","href":"https:\/\/api.w.org\/{rel}","templated":true}]}}