{"id":732,"date":"2016-10-09T14:48:37","date_gmt":"2016-10-09T14:48:37","guid":{"rendered":"http:\/\/cosmicperu.com\/clientes\/Energotec\/?page_id=732"},"modified":"2022-12-20T01:25:46","modified_gmt":"2022-12-20T06:25:46","slug":"servicios","status":"publish","type":"page","link":"https:\/\/demos.daxes.net\/ivvit\/energotec\/servicios\/","title":{"rendered":"Servicios"},"content":{"rendered":"<div class=\"wpb-content-wrapper\"><p>[vc_row][vc_column width=\u00bb1\/3&#8243;][vc_single_image image=\u00bb792&#8243; img_size=\u00bbfull\u00bb]<h5 class='heading-content  style-1' ><span>REPARACI\u00d3N DE EQUIPOS<\/span><\/h5>[vc_column_text]ENERGOTEC cuenta con un taller en su sede central de Lima, equipado para brindar mantenimiento preventivo y correctivo de todos los equipos &#8230;[\/vc_column_text][vc_empty_space height=\u00bb10px\u00bb]<a id='button-id-' target='_self' href='https:\/\/demos.daxes.net\/ivvit\/energotec\/servicios\/reparacion-de-equipos\/' class='btn btn-normal btn-sm' style='color: #ffffff;'>VER SERVICIO<\/a>[\/vc_column][vc_column width=\u00bb1\/3&#8243;][vc_single_image image=\u00bb793&#8243; img_size=\u00bbfull\u00bb]<h5 class='heading-content  style-1' ><span>INSTALACI\u00d3N Y REPARACI\u00d3N DE GR\u00daAS<\/span><\/h5>[vc_column_text]El taller de ENERGOTEC es un centro autorizado de montaje y reparaci\u00f3n de gr\u00faas MANITEX, UNIC y MAXILIFT, as\u00ed como elevadores de canastilla VERSALIFT&#8230;[\/vc_column_text][vc_empty_space height=\u00bb10px\u00bb]<a id='button-id-1' target='_self' href='https:\/\/demos.daxes.net\/ivvit\/energotec\/servicios\/reparacion-de-gruas\/' class='btn btn-normal btn-sm' style='color: #ffffff;'>VER SERVICIO<\/a>[\/vc_column][vc_column width=\u00bb1\/3&#8243;][vc_single_image image=\u00bb794&#8243; img_size=\u00bbfull\u00bb]<h5 class='heading-content  style-1' ><span>REPARACI\u00d3N Y CALIBRACI\u00d3N DE HERRAMIENTAS<\/span><\/h5>[vc_column_text]ENERGOTEC cuenta con un Centro de Calibraci\u00f3n de herramientas de torque, con bancos de prueba suministrados y calibrados por las f\u00e1bricas de nuestras&#8230;[\/vc_column_text][vc_empty_space height=\u00bb10px\u00bb]<a id='button-id-2' target='_self' href='https:\/\/demos.daxes.net\/ivvit\/energotec\/servicios\/reparacion-de-herramientas\/' class='btn btn-normal btn-sm' style='color: #ffffff;'>VER SERVICIO<\/a>[\/vc_column][\/vc_row][vc_row][vc_column][vc_empty_space][\/vc_column][\/vc_row][vc_row css=\u00bb.vc_custom_1436430085375{padding-top: 15px !important;}\u00bb has_content=\u00bbtrue\u00bb][vc_column width=\u00bb1\/3&#8243;][vc_single_image image=\u00bb1437&#8243; img_size=\u00bbfull\u00bb]<h5 class='heading-content  style-1' ><span>REPARACI\u00d3N DE BOMBAS DE VAC\u00cdO<\/span><\/h5>[vc_column_text]Como representantes de f\u00e1brica de las bombas de vac\u00edo CUTES y PVR, ofrecemos los servicios de mantenimiento preventivo y correctivo de bombas de&#8230;[\/vc_column_text][vc_empty_space height=\u00bb10px\u00bb]<a id='button-id-3' target='_self' href='https:\/\/demos.daxes.net\/ivvit\/energotec\/servicios\/reparacion-de-bombas\/' class='btn btn-normal btn-sm' style='color: #ffffff;'>VER SERVICIO<\/a>[\/vc_column][vc_column width=\u00bb1\/3&#8243;][vc_single_image image=\u00bb797&#8243; img_size=\u00bbfull\u00bb]<h5 class='heading-content  style-1' ><span>SERVICIOS EN CAMPO<\/span><\/h5>[vc_column_text]El departamento de servicio t\u00e9cnico de ENERGOTEC ofrece a nuestros clientes los siguientes servicios en terreno o en planta, para los equipos suministrados&#8230;[\/vc_column_text][vc_empty_space height=\u00bb10px\u00bb]<a id='button-id-4' target='_self' href='https:\/\/demos.daxes.net\/ivvit\/energotec\/servicios\/servicios-de-campo\/' class='btn btn-normal btn-sm' style=''>VER SERVICIO<\/a>[\/vc_column][vc_column width=\u00bb1\/3&#8243;][\/vc_column][\/vc_row]<\/p>\n<\/div>","protected":false},"excerpt":{"rendered":"<p>[vc_row][vc_column width=\u00bb1\/3&#8243;][vc_single_image image=\u00bb792&#8243; img_size=\u00bbfull\u00bb][vc_column_text]ENERGOTEC cuenta con un taller en su sede central de Lima, equipado para brindar mantenimiento preventivo y correctivo de todos los equipos &#8230;[\/vc_column_text][vc_empty_space height=\u00bb10px\u00bb][\/vc_column][vc_column width=\u00bb1\/3&#8243;][vc_single_image image=\u00bb793&#8243; img_size=\u00bbfull\u00bb][vc_column_text]El taller de ENERGOTEC es un centro autorizado de montaje y &hellip;<\/p>\n","protected":false},"author":1,"featured_media":0,"parent":0,"menu_order":0,"comment_status":"closed","ping_status":"open","template":"","meta":{"_glsr_average":0,"_glsr_ranking":0,"_glsr_reviews":0,"footnotes":""},"class_list":["post-732","page","type-page","status-publish","hentry"],"yoast_head":"<!-- This site is optimized with the Yoast SEO plugin v22.7 - https:\/\/yoast.com\/wordpress\/plugins\/seo\/ -->\n<title>Servicios - Energotec<\/title>\n<meta name=\"description\" content=\"Reparaci\u00f3n de equipos, Instalaci\u00f3n y reparaci\u00f3n de gr\u00faas, Reparaci\u00f3n y calibraci\u00f3n de herramientas, Reparaci\u00f3n de bombas de vac\u00edo y servicios en campo.\" \/>\n<meta name=\"robots\" content=\"index, follow, max-snippet:-1, max-image-preview:large, max-video-preview:-1\" \/>\n<link rel=\"canonical\" href=\"https:\/\/demos.daxes.net\/ivvit\/energotec\/servicios\/\" \/>\n<meta property=\"og:locale\" content=\"es_ES\" \/>\n<meta property=\"og:type\" content=\"article\" \/>\n<meta property=\"og:title\" content=\"Servicios - Energotec\" \/>\n<meta property=\"og:description\" content=\"Reparaci\u00f3n de equipos, Instalaci\u00f3n y reparaci\u00f3n de gr\u00faas, Reparaci\u00f3n y calibraci\u00f3n de herramientas, Reparaci\u00f3n de bombas de vac\u00edo y servicios en campo.\" \/>\n<meta property=\"og:url\" content=\"https:\/\/demos.daxes.net\/ivvit\/energotec\/servicios\/\" \/>\n<meta property=\"og:site_name\" content=\"Energotec\" \/>\n<meta property=\"article:modified_time\" content=\"2022-12-20T06:25:46+00:00\" \/>\n<meta name=\"twitter:card\" content=\"summary_large_image\" \/>\n<meta name=\"twitter:label1\" content=\"Tiempo de lectura\" \/>\n\t<meta name=\"twitter:data1\" content=\"1 minuto\" \/>\n<script type=\"application\/ld+json\" class=\"yoast-schema-graph\">{\"@context\":\"https:\/\/schema.org\",\"@graph\":[{\"@type\":\"WebPage\",\"@id\":\"https:\/\/demos.daxes.net\/ivvit\/energotec\/servicios\/\",\"url\":\"https:\/\/demos.daxes.net\/ivvit\/energotec\/servicios\/\",\"name\":\"Servicios - Energotec\",\"isPartOf\":{\"@id\":\"https:\/\/demos.daxes.net\/ivvit\/energotec\/#website\"},\"datePublished\":\"2016-10-09T14:48:37+00:00\",\"dateModified\":\"2022-12-20T06:25:46+00:00\",\"description\":\"Reparaci\u00f3n de equipos, Instalaci\u00f3n y reparaci\u00f3n de gr\u00faas, Reparaci\u00f3n y calibraci\u00f3n de herramientas, Reparaci\u00f3n de bombas de vac\u00edo y servicios en campo.\",\"breadcrumb\":{\"@id\":\"https:\/\/demos.daxes.net\/ivvit\/energotec\/servicios\/#breadcrumb\"},\"inLanguage\":\"es\",\"potentialAction\":[{\"@type\":\"ReadAction\",\"target\":[\"https:\/\/demos.daxes.net\/ivvit\/energotec\/servicios\/\"]}]},{\"@type\":\"BreadcrumbList\",\"@id\":\"https:\/\/demos.daxes.net\/ivvit\/energotec\/servicios\/#breadcrumb\",\"itemListElement\":[{\"@type\":\"ListItem\",\"position\":1,\"name\":\"Home\",\"item\":\"https:\/\/demos.daxes.net\/ivvit\/energotec\/\"},{\"@type\":\"ListItem\",\"position\":2,\"name\":\"Servicios\"}]},{\"@type\":\"WebSite\",\"@id\":\"https:\/\/demos.daxes.net\/ivvit\/energotec\/#website\",\"url\":\"https:\/\/demos.daxes.net\/ivvit\/energotec\/\",\"name\":\"Energotec\",\"description\":\"Equipos industriales y herramientas de alta calidad\",\"publisher\":{\"@id\":\"https:\/\/demos.daxes.net\/ivvit\/energotec\/#organization\"},\"potentialAction\":[{\"@type\":\"SearchAction\",\"target\":{\"@type\":\"EntryPoint\",\"urlTemplate\":\"https:\/\/demos.daxes.net\/ivvit\/energotec\/?s={search_term_string}\"},\"query-input\":\"required name=search_term_string\"}],\"inLanguage\":\"es\"},{\"@type\":\"Organization\",\"@id\":\"https:\/\/demos.daxes.net\/ivvit\/energotec\/#organization\",\"name\":\"Energotec\",\"url\":\"https:\/\/demos.daxes.net\/ivvit\/energotec\/\",\"logo\":{\"@type\":\"ImageObject\",\"inLanguage\":\"es\",\"@id\":\"https:\/\/demos.daxes.net\/ivvit\/energotec\/#\/schema\/logo\/image\/\",\"url\":\"https:\/\/demos.daxes.net\/ivvit\/energotec\/wp-content\/uploads\/2022\/04\/logo-energotec.png\",\"contentUrl\":\"https:\/\/demos.daxes.net\/ivvit\/energotec\/wp-content\/uploads\/2022\/04\/logo-energotec.png\",\"width\":290,\"height\":72,\"caption\":\"Energotec\"},\"image\":{\"@id\":\"https:\/\/demos.daxes.net\/ivvit\/energotec\/#\/schema\/logo\/image\/\"}}]}<\/script>\n<!-- \/ Yoast SEO plugin. -->","yoast_head_json":{"title":"Servicios - Energotec","description":"Reparaci\u00f3n de equipos, Instalaci\u00f3n y reparaci\u00f3n de gr\u00faas, Reparaci\u00f3n y calibraci\u00f3n de herramientas, Reparaci\u00f3n de bombas de vac\u00edo y servicios en campo.","robots":{"index":"index","follow":"follow","max-snippet":"max-snippet:-1","max-image-preview":"max-image-preview:large","max-video-preview":"max-video-preview:-1"},"canonical":"https:\/\/demos.daxes.net\/ivvit\/energotec\/servicios\/","og_locale":"es_ES","og_type":"article","og_title":"Servicios - Energotec","og_description":"Reparaci\u00f3n de equipos, Instalaci\u00f3n y reparaci\u00f3n de gr\u00faas, Reparaci\u00f3n y calibraci\u00f3n de herramientas, Reparaci\u00f3n de bombas de vac\u00edo y servicios en campo.","og_url":"https:\/\/demos.daxes.net\/ivvit\/energotec\/servicios\/","og_site_name":"Energotec","article_modified_time":"2022-12-20T06:25:46+00:00","twitter_card":"summary_large_image","twitter_misc":{"Tiempo de lectura":"1 minuto"},"schema":{"@context":"https:\/\/schema.org","@graph":[{"@type":"WebPage","@id":"https:\/\/demos.daxes.net\/ivvit\/energotec\/servicios\/","url":"https:\/\/demos.daxes.net\/ivvit\/energotec\/servicios\/","name":"Servicios - Energotec","isPartOf":{"@id":"https:\/\/demos.daxes.net\/ivvit\/energotec\/#website"},"datePublished":"2016-10-09T14:48:37+00:00","dateModified":"2022-12-20T06:25:46+00:00","description":"Reparaci\u00f3n de equipos, Instalaci\u00f3n y reparaci\u00f3n de gr\u00faas, Reparaci\u00f3n y calibraci\u00f3n de herramientas, Reparaci\u00f3n de bombas de vac\u00edo y servicios en campo.","breadcrumb":{"@id":"https:\/\/demos.daxes.net\/ivvit\/energotec\/servicios\/#breadcrumb"},"inLanguage":"es","potentialAction":[{"@type":"ReadAction","target":["https:\/\/demos.daxes.net\/ivvit\/energotec\/servicios\/"]}]},{"@type":"BreadcrumbList","@id":"https:\/\/demos.daxes.net\/ivvit\/energotec\/servicios\/#breadcrumb","itemListElement":[{"@type":"ListItem","position":1,"name":"Home","item":"https:\/\/demos.daxes.net\/ivvit\/energotec\/"},{"@type":"ListItem","position":2,"name":"Servicios"}]},{"@type":"WebSite","@id":"https:\/\/demos.daxes.net\/ivvit\/energotec\/#website","url":"https:\/\/demos.daxes.net\/ivvit\/energotec\/","name":"Energotec","description":"Equipos industriales y herramientas de alta calidad","publisher":{"@id":"https:\/\/demos.daxes.net\/ivvit\/energotec\/#organization"},"potentialAction":[{"@type":"SearchAction","target":{"@type":"EntryPoint","urlTemplate":"https:\/\/demos.daxes.net\/ivvit\/energotec\/?s={search_term_string}"},"query-input":"required name=search_term_string"}],"inLanguage":"es"},{"@type":"Organization","@id":"https:\/\/demos.daxes.net\/ivvit\/energotec\/#organization","name":"Energotec","url":"https:\/\/demos.daxes.net\/ivvit\/energotec\/","logo":{"@type":"ImageObject","inLanguage":"es","@id":"https:\/\/demos.daxes.net\/ivvit\/energotec\/#\/schema\/logo\/image\/","url":"https:\/\/demos.daxes.net\/ivvit\/energotec\/wp-content\/uploads\/2022\/04\/logo-energotec.png","contentUrl":"https:\/\/demos.daxes.net\/ivvit\/energotec\/wp-content\/uploads\/2022\/04\/logo-energotec.png","width":290,"height":72,"caption":"Energotec"},"image":{"@id":"https:\/\/demos.daxes.net\/ivvit\/energotec\/#\/schema\/logo\/image\/"}}]}},"_links":{"self":[{"href":"https:\/\/demos.daxes.net\/ivvit\/energotec\/wp-json\/wp\/v2\/pages\/732","targetHints":{"allow":["GET"]}}],"collection":[{"href":"https:\/\/demos.daxes.net\/ivvit\/energotec\/wp-json\/wp\/v2\/pages"}],"about":[{"href":"https:\/\/demos.daxes.net\/ivvit\/energotec\/wp-json\/wp\/v2\/types\/page"}],"author":[{"embeddable":true,"href":"https:\/\/demos.daxes.net\/ivvit\/energotec\/wp-json\/wp\/v2\/users\/1"}],"replies":[{"embeddable":true,"href":"https:\/\/demos.daxes.net\/ivvit\/energotec\/wp-json\/wp\/v2\/comments?post=732"}],"version-history":[{"count":14,"href":"https:\/\/demos.daxes.net\/ivvit\/energotec\/wp-json\/wp\/v2\/pages\/732\/revisions"}],"predecessor-version":[{"id":2505,"href":"https:\/\/demos.daxes.net\/ivvit\/energotec\/wp-json\/wp\/v2\/pages\/732\/revisions\/2505"}],"wp:attachment":[{"href":"https:\/\/demos.daxes.net\/ivvit\/energotec\/wp-json\/wp\/v2\/media?parent=732"}],"curies":[{"name":"wp","href":"https:\/\/api.w.org\/{rel}","templated":true}]}}