{"id":753,"date":"2016-10-09T15:58:58","date_gmt":"2016-10-09T15:58:58","guid":{"rendered":"http:\/\/cosmicperu.com\/clientes\/Energotec\/?page_id=753"},"modified":"2022-12-20T01:28:36","modified_gmt":"2022-12-20T06:28:36","slug":"reparacion-de-gruas","status":"publish","type":"page","link":"https:\/\/demos.daxes.net\/ivvit\/energotec\/servicios\/reparacion-de-gruas\/","title":{"rendered":"Instalaci\u00f3n y reparaci\u00f3n de gr\u00faas"},"content":{"rendered":"<div class=\"wpb-content-wrapper\"><p>[vc_row has_content=\u00bbtrue\u00bb][vc_column][rev_slider_vc alias=\u00bbgruas\u00bb][\/vc_column][\/vc_row][vc_row full_width=\u00bbstretch_row\u00bb]<\/p>\n<p>[vc_row][vc_column]<h5 class='heading-content  style-1' ><span>INSTALACI\u00d3N Y REPARACI\u00d3N DE GR\u00daAS<\/span><\/h5>[vc_empty_space height=\u00bb15px\u00bb][vc_column_text]<\/p>\n<p style=\"text-align: justify;\">El taller de ENERGOTEC es un centro autorizado de montaje y reparaci\u00f3n de gr\u00faas MANITEX, UNIC y MAXILIFT, as\u00ed como elevadores de canastilla VERSALIFT. Contamos con una instalaci\u00f3n completa con todas las facilidades, personal y protocolos de f\u00e1brica para garantizar instalaciones profesionales y seguras para nuestros clientes.<\/p>\n<p style=\"text-align: justify;\">Asimismo, ofrecemos servicios de inspecci\u00f3n, montaje y reparaci\u00f3n de cualquier marca de gr\u00faa, ya sea telesc\u00f3pica o articulada.<\/p>\n<p>[\/vc_column_text][vc_empty_space height=\u00bb30&#8243;][\/vc_column][\/vc_row][vc_row][vc_column width=\u00bb1\/2&#8243;][vc_single_image image=\u00bb755&#8243; img_size=\u00bbfull\u00bb css=\u00bb.vc_custom_1476028586507{margin-bottom: 0px !important;}\u00bb][vc_empty_space height=\u00bb30&#8243;][\/vc_column][vc_column width=\u00bb1\/2&#8243;][vc_single_image image=\u00bb756&#8243; img_size=\u00bbfull\u00bb css=\u00bb.vc_custom_1476028622426{margin-bottom: 0px !important;}\u00bb][vc_empty_space height=\u00bb30px\u00bb][\/vc_column][\/vc_row][vc_row][vc_column width=\u00bb1\/2&#8243;][vc_single_image image=\u00bb757&#8243; img_size=\u00bbfull\u00bb css=\u00bb.vc_custom_1476028648226{margin-bottom: 0px !important;}\u00bb][vc_empty_space height=\u00bb30&#8243;][\/vc_column][vc_column width=\u00bb1\/2&#8243;][vc_single_image image=\u00bb758&#8243; img_size=\u00bbfull\u00bb css=\u00bb.vc_custom_1476028681979{margin-bottom: 0px !important;}\u00bb][vc_empty_space height=\u00bb30px\u00bb][\/vc_column][\/vc_row]<\/p>\n<\/div>","protected":false},"excerpt":{"rendered":"<p>[vc_row has_content=\u00bbtrue\u00bb][vc_column][rev_slider_vc alias=\u00bbgruas\u00bb][\/vc_column][\/vc_row][vc_row full_width=\u00bbstretch_row\u00bb] [vc_row][vc_column][vc_empty_space height=\u00bb15px\u00bb][vc_column_text] El taller de ENERGOTEC es un centro autorizado de montaje y reparaci\u00f3n de gr\u00faas MANITEX, UNIC y MAXILIFT, as\u00ed como elevadores de canastilla VERSALIFT. Contamos con una instalaci\u00f3n completa con todas las facilidades, personal &hellip;<\/p>\n","protected":false},"author":1,"featured_media":0,"parent":732,"menu_order":0,"comment_status":"closed","ping_status":"open","template":"","meta":{"_glsr_average":0,"_glsr_ranking":0,"_glsr_reviews":0,"footnotes":""},"class_list":["post-753","page","type-page","status-publish","hentry"],"yoast_head":"<!-- This site is optimized with the Yoast SEO plugin v22.7 - https:\/\/yoast.com\/wordpress\/plugins\/seo\/ -->\n<title>Instalaci\u00f3n y reparaci\u00f3n de gr\u00faas - Energotec<\/title>\n<meta name=\"description\" content=\"%\" \/>\n<meta name=\"robots\" content=\"index, follow, max-snippet:-1, max-image-preview:large, max-video-preview:-1\" \/>\n<link rel=\"canonical\" href=\"https:\/\/demos.daxes.net\/ivvit\/energotec\/servicios\/reparacion-de-gruas\/\" \/>\n<meta property=\"og:locale\" content=\"es_ES\" \/>\n<meta property=\"og:type\" content=\"article\" \/>\n<meta property=\"og:title\" content=\"Instalaci\u00f3n y reparaci\u00f3n de gr\u00faas - Energotec\" \/>\n<meta property=\"og:description\" content=\"%\" \/>\n<meta property=\"og:url\" content=\"https:\/\/demos.daxes.net\/ivvit\/energotec\/servicios\/reparacion-de-gruas\/\" \/>\n<meta property=\"og:site_name\" content=\"Energotec\" \/>\n<meta property=\"article:modified_time\" content=\"2022-12-20T06:28:36+00:00\" \/>\n<meta name=\"twitter:card\" content=\"summary_large_image\" \/>\n<meta name=\"twitter:label1\" content=\"Tiempo de lectura\" \/>\n\t<meta name=\"twitter:data1\" content=\"1 minuto\" \/>\n<script type=\"application\/ld+json\" class=\"yoast-schema-graph\">{\"@context\":\"https:\/\/schema.org\",\"@graph\":[{\"@type\":\"WebPage\",\"@id\":\"https:\/\/demos.daxes.net\/ivvit\/energotec\/servicios\/reparacion-de-gruas\/\",\"url\":\"https:\/\/demos.daxes.net\/ivvit\/energotec\/servicios\/reparacion-de-gruas\/\",\"name\":\"Instalaci\u00f3n y reparaci\u00f3n de gr\u00faas - Energotec\",\"isPartOf\":{\"@id\":\"https:\/\/demos.daxes.net\/ivvit\/energotec\/#website\"},\"datePublished\":\"2016-10-09T15:58:58+00:00\",\"dateModified\":\"2022-12-20T06:28:36+00:00\",\"description\":\"%\",\"breadcrumb\":{\"@id\":\"https:\/\/demos.daxes.net\/ivvit\/energotec\/servicios\/reparacion-de-gruas\/#breadcrumb\"},\"inLanguage\":\"es\",\"potentialAction\":[{\"@type\":\"ReadAction\",\"target\":[\"https:\/\/demos.daxes.net\/ivvit\/energotec\/servicios\/reparacion-de-gruas\/\"]}]},{\"@type\":\"BreadcrumbList\",\"@id\":\"https:\/\/demos.daxes.net\/ivvit\/energotec\/servicios\/reparacion-de-gruas\/#breadcrumb\",\"itemListElement\":[{\"@type\":\"ListItem\",\"position\":1,\"name\":\"Home\",\"item\":\"https:\/\/demos.daxes.net\/ivvit\/energotec\/\"},{\"@type\":\"ListItem\",\"position\":2,\"name\":\"Servicios\",\"item\":\"https:\/\/demos.daxes.net\/ivvit\/energotec\/servicios\/\"},{\"@type\":\"ListItem\",\"position\":3,\"name\":\"Instalaci\u00f3n y reparaci\u00f3n de gr\u00faas\"}]},{\"@type\":\"WebSite\",\"@id\":\"https:\/\/demos.daxes.net\/ivvit\/energotec\/#website\",\"url\":\"https:\/\/demos.daxes.net\/ivvit\/energotec\/\",\"name\":\"Energotec\",\"description\":\"Equipos industriales y herramientas de alta calidad\",\"publisher\":{\"@id\":\"https:\/\/demos.daxes.net\/ivvit\/energotec\/#organization\"},\"potentialAction\":[{\"@type\":\"SearchAction\",\"target\":{\"@type\":\"EntryPoint\",\"urlTemplate\":\"https:\/\/demos.daxes.net\/ivvit\/energotec\/?s={search_term_string}\"},\"query-input\":\"required name=search_term_string\"}],\"inLanguage\":\"es\"},{\"@type\":\"Organization\",\"@id\":\"https:\/\/demos.daxes.net\/ivvit\/energotec\/#organization\",\"name\":\"Energotec\",\"url\":\"https:\/\/demos.daxes.net\/ivvit\/energotec\/\",\"logo\":{\"@type\":\"ImageObject\",\"inLanguage\":\"es\",\"@id\":\"https:\/\/demos.daxes.net\/ivvit\/energotec\/#\/schema\/logo\/image\/\",\"url\":\"https:\/\/demos.daxes.net\/ivvit\/energotec\/wp-content\/uploads\/2022\/04\/logo-energotec.png\",\"contentUrl\":\"https:\/\/demos.daxes.net\/ivvit\/energotec\/wp-content\/uploads\/2022\/04\/logo-energotec.png\",\"width\":290,\"height\":72,\"caption\":\"Energotec\"},\"image\":{\"@id\":\"https:\/\/demos.daxes.net\/ivvit\/energotec\/#\/schema\/logo\/image\/\"}}]}<\/script>\n<!-- \/ Yoast SEO plugin. -->","yoast_head_json":{"title":"Instalaci\u00f3n y reparaci\u00f3n de gr\u00faas - Energotec","description":"%","robots":{"index":"index","follow":"follow","max-snippet":"max-snippet:-1","max-image-preview":"max-image-preview:large","max-video-preview":"max-video-preview:-1"},"canonical":"https:\/\/demos.daxes.net\/ivvit\/energotec\/servicios\/reparacion-de-gruas\/","og_locale":"es_ES","og_type":"article","og_title":"Instalaci\u00f3n y reparaci\u00f3n de gr\u00faas - Energotec","og_description":"%","og_url":"https:\/\/demos.daxes.net\/ivvit\/energotec\/servicios\/reparacion-de-gruas\/","og_site_name":"Energotec","article_modified_time":"2022-12-20T06:28:36+00:00","twitter_card":"summary_large_image","twitter_misc":{"Tiempo de lectura":"1 minuto"},"schema":{"@context":"https:\/\/schema.org","@graph":[{"@type":"WebPage","@id":"https:\/\/demos.daxes.net\/ivvit\/energotec\/servicios\/reparacion-de-gruas\/","url":"https:\/\/demos.daxes.net\/ivvit\/energotec\/servicios\/reparacion-de-gruas\/","name":"Instalaci\u00f3n y reparaci\u00f3n de gr\u00faas - Energotec","isPartOf":{"@id":"https:\/\/demos.daxes.net\/ivvit\/energotec\/#website"},"datePublished":"2016-10-09T15:58:58+00:00","dateModified":"2022-12-20T06:28:36+00:00","description":"%","breadcrumb":{"@id":"https:\/\/demos.daxes.net\/ivvit\/energotec\/servicios\/reparacion-de-gruas\/#breadcrumb"},"inLanguage":"es","potentialAction":[{"@type":"ReadAction","target":["https:\/\/demos.daxes.net\/ivvit\/energotec\/servicios\/reparacion-de-gruas\/"]}]},{"@type":"BreadcrumbList","@id":"https:\/\/demos.daxes.net\/ivvit\/energotec\/servicios\/reparacion-de-gruas\/#breadcrumb","itemListElement":[{"@type":"ListItem","position":1,"name":"Home","item":"https:\/\/demos.daxes.net\/ivvit\/energotec\/"},{"@type":"ListItem","position":2,"name":"Servicios","item":"https:\/\/demos.daxes.net\/ivvit\/energotec\/servicios\/"},{"@type":"ListItem","position":3,"name":"Instalaci\u00f3n y reparaci\u00f3n de gr\u00faas"}]},{"@type":"WebSite","@id":"https:\/\/demos.daxes.net\/ivvit\/energotec\/#website","url":"https:\/\/demos.daxes.net\/ivvit\/energotec\/","name":"Energotec","description":"Equipos industriales y herramientas de alta calidad","publisher":{"@id":"https:\/\/demos.daxes.net\/ivvit\/energotec\/#organization"},"potentialAction":[{"@type":"SearchAction","target":{"@type":"EntryPoint","urlTemplate":"https:\/\/demos.daxes.net\/ivvit\/energotec\/?s={search_term_string}"},"query-input":"required name=search_term_string"}],"inLanguage":"es"},{"@type":"Organization","@id":"https:\/\/demos.daxes.net\/ivvit\/energotec\/#organization","name":"Energotec","url":"https:\/\/demos.daxes.net\/ivvit\/energotec\/","logo":{"@type":"ImageObject","inLanguage":"es","@id":"https:\/\/demos.daxes.net\/ivvit\/energotec\/#\/schema\/logo\/image\/","url":"https:\/\/demos.daxes.net\/ivvit\/energotec\/wp-content\/uploads\/2022\/04\/logo-energotec.png","contentUrl":"https:\/\/demos.daxes.net\/ivvit\/energotec\/wp-content\/uploads\/2022\/04\/logo-energotec.png","width":290,"height":72,"caption":"Energotec"},"image":{"@id":"https:\/\/demos.daxes.net\/ivvit\/energotec\/#\/schema\/logo\/image\/"}}]}},"_links":{"self":[{"href":"https:\/\/demos.daxes.net\/ivvit\/energotec\/wp-json\/wp\/v2\/pages\/753","targetHints":{"allow":["GET"]}}],"collection":[{"href":"https:\/\/demos.daxes.net\/ivvit\/energotec\/wp-json\/wp\/v2\/pages"}],"about":[{"href":"https:\/\/demos.daxes.net\/ivvit\/energotec\/wp-json\/wp\/v2\/types\/page"}],"author":[{"embeddable":true,"href":"https:\/\/demos.daxes.net\/ivvit\/energotec\/wp-json\/wp\/v2\/users\/1"}],"replies":[{"embeddable":true,"href":"https:\/\/demos.daxes.net\/ivvit\/energotec\/wp-json\/wp\/v2\/comments?post=753"}],"version-history":[{"count":5,"href":"https:\/\/demos.daxes.net\/ivvit\/energotec\/wp-json\/wp\/v2\/pages\/753\/revisions"}],"predecessor-version":[{"id":2506,"href":"https:\/\/demos.daxes.net\/ivvit\/energotec\/wp-json\/wp\/v2\/pages\/753\/revisions\/2506"}],"up":[{"embeddable":true,"href":"https:\/\/demos.daxes.net\/ivvit\/energotec\/wp-json\/wp\/v2\/pages\/732"}],"wp:attachment":[{"href":"https:\/\/demos.daxes.net\/ivvit\/energotec\/wp-json\/wp\/v2\/media?parent=753"}],"curies":[{"name":"wp","href":"https:\/\/api.w.org\/{rel}","templated":true}]}}