{"id":769,"date":"2016-10-09T17:00:34","date_gmt":"2016-10-09T17:00:34","guid":{"rendered":"http:\/\/cosmicperu.com\/clientes\/Energotec\/?page_id=769"},"modified":"2022-12-20T01:29:11","modified_gmt":"2022-12-20T06:29:11","slug":"reparacion-de-bombas","status":"publish","type":"page","link":"https:\/\/demos.daxes.net\/ivvit\/energotec\/servicios\/reparacion-de-bombas\/","title":{"rendered":"Reparaci\u00f3n de bombas de vac\u00edo"},"content":{"rendered":"<div class=\"wpb-content-wrapper\"><p>[vc_row has_content=\u00bbtrue\u00bb][vc_column][rev_slider_vc alias=\u00bbbombas\u00bb][\/vc_column][\/vc_row][vc_row full_width=\u00bbstretch_row\u00bb]<\/p>\n<p>[vc_row][vc_column]<h5 class='heading-content  style-1' ><span>REPARACI\u00d3N DE BOMBAS DE VAC\u00cdO<\/span><\/h5>[vc_empty_space height=\u00bb15px\u00bb][vc_column_text]<\/p>\n<p style=\"text-align: justify;\">Como representantes de f\u00e1brica de las bombas de vac\u00edo CUTES y PVR, ofrecemos los servicios de mantenimiento preventivo y correctivo de bombas de vac\u00edo de anillo l\u00edquido y de paletas rotativas con sello de aceite (rotary vane).<\/p>\n<p>[\/vc_column_text][vc_empty_space height=\u00bb30px\u00bb][\/vc_column][\/vc_row][vc_row][vc_column width=\u00bb1\/2&#8243;][vc_single_image image=\u00bb1298&#8243; img_size=\u00bbfull\u00bb css=\u00bb.vc_custom_1483924011118{margin-bottom: 0px !important;}\u00bb][vc_empty_space height=\u00bb30&#8243;][\/vc_column][vc_column width=\u00bb1\/2&#8243;][vc_single_image image=\u00bb1299&#8243; img_size=\u00bbfull\u00bb css=\u00bb.vc_custom_1483924028874{margin-bottom: 0px !important;}\u00bb][vc_empty_space height=\u00bb30px\u00bb][\/vc_column][\/vc_row][vc_row][vc_column width=\u00bb1\/2&#8243;][vc_single_image image=\u00bb1296&#8243; img_size=\u00bbfull\u00bb css=\u00bb.vc_custom_1483924060601{margin-bottom: 0px !important;}\u00bb][vc_empty_space height=\u00bb30&#8243;][\/vc_column][vc_column width=\u00bb1\/2&#8243;][\/vc_column][\/vc_row]<\/p>\n<\/div>","protected":false},"excerpt":{"rendered":"<p>[vc_row has_content=\u00bbtrue\u00bb][vc_column][rev_slider_vc alias=\u00bbbombas\u00bb][\/vc_column][\/vc_row][vc_row full_width=\u00bbstretch_row\u00bb] [vc_row][vc_column][vc_empty_space height=\u00bb15px\u00bb][vc_column_text] Como representantes de f\u00e1brica de las bombas de vac\u00edo CUTES y PVR, ofrecemos los servicios de mantenimiento preventivo y correctivo de bombas de vac\u00edo de anillo l\u00edquido y de paletas rotativas con sello de &hellip;<\/p>\n","protected":false},"author":1,"featured_media":0,"parent":732,"menu_order":0,"comment_status":"closed","ping_status":"open","template":"","meta":{"_glsr_average":0,"_glsr_ranking":0,"_glsr_reviews":0,"footnotes":""},"class_list":["post-769","page","type-page","status-publish","hentry"],"yoast_head":"<!-- This site is optimized with the Yoast SEO plugin v22.7 - https:\/\/yoast.com\/wordpress\/plugins\/seo\/ -->\n<title>Reparaci\u00f3n de bombas de vac\u00edo - Energotec<\/title>\n<meta name=\"robots\" content=\"index, follow, max-snippet:-1, max-image-preview:large, max-video-preview:-1\" \/>\n<link rel=\"canonical\" href=\"https:\/\/demos.daxes.net\/ivvit\/energotec\/servicios\/reparacion-de-bombas\/\" \/>\n<meta property=\"og:locale\" content=\"es_ES\" \/>\n<meta property=\"og:type\" content=\"article\" \/>\n<meta property=\"og:title\" content=\"Reparaci\u00f3n de bombas de vac\u00edo - Energotec\" \/>\n<meta property=\"og:description\" content=\"[vc_row has_content=\u00bbtrue\u00bb][vc_column][rev_slider_vc alias=\u00bbbombas\u00bb][\/vc_column][\/vc_row][vc_row full_width=\u00bbstretch_row\u00bb] [vc_row][vc_column][vc_empty_space height=\u00bb15px\u00bb][vc_column_text] Como representantes de f\u00e1brica de las bombas de vac\u00edo CUTES y PVR, ofrecemos los servicios de mantenimiento preventivo y correctivo de bombas de vac\u00edo de anillo l\u00edquido y de paletas rotativas con sello de &hellip;\" \/>\n<meta property=\"og:url\" content=\"https:\/\/demos.daxes.net\/ivvit\/energotec\/servicios\/reparacion-de-bombas\/\" \/>\n<meta property=\"og:site_name\" content=\"Energotec\" \/>\n<meta property=\"article:modified_time\" content=\"2022-12-20T06:29:11+00:00\" \/>\n<meta name=\"twitter:card\" content=\"summary_large_image\" \/>\n<meta name=\"twitter:label1\" content=\"Tiempo de lectura\" \/>\n\t<meta name=\"twitter:data1\" content=\"1 minuto\" \/>\n<script type=\"application\/ld+json\" class=\"yoast-schema-graph\">{\"@context\":\"https:\/\/schema.org\",\"@graph\":[{\"@type\":\"WebPage\",\"@id\":\"https:\/\/demos.daxes.net\/ivvit\/energotec\/servicios\/reparacion-de-bombas\/\",\"url\":\"https:\/\/demos.daxes.net\/ivvit\/energotec\/servicios\/reparacion-de-bombas\/\",\"name\":\"Reparaci\u00f3n de bombas de vac\u00edo - Energotec\",\"isPartOf\":{\"@id\":\"https:\/\/demos.daxes.net\/ivvit\/energotec\/#website\"},\"datePublished\":\"2016-10-09T17:00:34+00:00\",\"dateModified\":\"2022-12-20T06:29:11+00:00\",\"breadcrumb\":{\"@id\":\"https:\/\/demos.daxes.net\/ivvit\/energotec\/servicios\/reparacion-de-bombas\/#breadcrumb\"},\"inLanguage\":\"es\",\"potentialAction\":[{\"@type\":\"ReadAction\",\"target\":[\"https:\/\/demos.daxes.net\/ivvit\/energotec\/servicios\/reparacion-de-bombas\/\"]}]},{\"@type\":\"BreadcrumbList\",\"@id\":\"https:\/\/demos.daxes.net\/ivvit\/energotec\/servicios\/reparacion-de-bombas\/#breadcrumb\",\"itemListElement\":[{\"@type\":\"ListItem\",\"position\":1,\"name\":\"Home\",\"item\":\"https:\/\/demos.daxes.net\/ivvit\/energotec\/\"},{\"@type\":\"ListItem\",\"position\":2,\"name\":\"Servicios\",\"item\":\"https:\/\/demos.daxes.net\/ivvit\/energotec\/servicios\/\"},{\"@type\":\"ListItem\",\"position\":3,\"name\":\"Reparaci\u00f3n de bombas de vac\u00edo\"}]},{\"@type\":\"WebSite\",\"@id\":\"https:\/\/demos.daxes.net\/ivvit\/energotec\/#website\",\"url\":\"https:\/\/demos.daxes.net\/ivvit\/energotec\/\",\"name\":\"Energotec\",\"description\":\"Equipos industriales y herramientas de alta calidad\",\"publisher\":{\"@id\":\"https:\/\/demos.daxes.net\/ivvit\/energotec\/#organization\"},\"potentialAction\":[{\"@type\":\"SearchAction\",\"target\":{\"@type\":\"EntryPoint\",\"urlTemplate\":\"https:\/\/demos.daxes.net\/ivvit\/energotec\/?s={search_term_string}\"},\"query-input\":\"required name=search_term_string\"}],\"inLanguage\":\"es\"},{\"@type\":\"Organization\",\"@id\":\"https:\/\/demos.daxes.net\/ivvit\/energotec\/#organization\",\"name\":\"Energotec\",\"url\":\"https:\/\/demos.daxes.net\/ivvit\/energotec\/\",\"logo\":{\"@type\":\"ImageObject\",\"inLanguage\":\"es\",\"@id\":\"https:\/\/demos.daxes.net\/ivvit\/energotec\/#\/schema\/logo\/image\/\",\"url\":\"https:\/\/demos.daxes.net\/ivvit\/energotec\/wp-content\/uploads\/2022\/04\/logo-energotec.png\",\"contentUrl\":\"https:\/\/demos.daxes.net\/ivvit\/energotec\/wp-content\/uploads\/2022\/04\/logo-energotec.png\",\"width\":290,\"height\":72,\"caption\":\"Energotec\"},\"image\":{\"@id\":\"https:\/\/demos.daxes.net\/ivvit\/energotec\/#\/schema\/logo\/image\/\"}}]}<\/script>\n<!-- \/ Yoast SEO plugin. -->","yoast_head_json":{"title":"Reparaci\u00f3n de bombas de vac\u00edo - Energotec","robots":{"index":"index","follow":"follow","max-snippet":"max-snippet:-1","max-image-preview":"max-image-preview:large","max-video-preview":"max-video-preview:-1"},"canonical":"https:\/\/demos.daxes.net\/ivvit\/energotec\/servicios\/reparacion-de-bombas\/","og_locale":"es_ES","og_type":"article","og_title":"Reparaci\u00f3n de bombas de vac\u00edo - Energotec","og_description":"[vc_row has_content=\u00bbtrue\u00bb][vc_column][rev_slider_vc alias=\u00bbbombas\u00bb][\/vc_column][\/vc_row][vc_row full_width=\u00bbstretch_row\u00bb] [vc_row][vc_column][vc_empty_space height=\u00bb15px\u00bb][vc_column_text] Como representantes de f\u00e1brica de las bombas de vac\u00edo CUTES y PVR, ofrecemos los servicios de mantenimiento preventivo y correctivo de bombas de vac\u00edo de anillo l\u00edquido y de paletas rotativas con sello de &hellip;","og_url":"https:\/\/demos.daxes.net\/ivvit\/energotec\/servicios\/reparacion-de-bombas\/","og_site_name":"Energotec","article_modified_time":"2022-12-20T06:29:11+00:00","twitter_card":"summary_large_image","twitter_misc":{"Tiempo de lectura":"1 minuto"},"schema":{"@context":"https:\/\/schema.org","@graph":[{"@type":"WebPage","@id":"https:\/\/demos.daxes.net\/ivvit\/energotec\/servicios\/reparacion-de-bombas\/","url":"https:\/\/demos.daxes.net\/ivvit\/energotec\/servicios\/reparacion-de-bombas\/","name":"Reparaci\u00f3n de bombas de vac\u00edo - Energotec","isPartOf":{"@id":"https:\/\/demos.daxes.net\/ivvit\/energotec\/#website"},"datePublished":"2016-10-09T17:00:34+00:00","dateModified":"2022-12-20T06:29:11+00:00","breadcrumb":{"@id":"https:\/\/demos.daxes.net\/ivvit\/energotec\/servicios\/reparacion-de-bombas\/#breadcrumb"},"inLanguage":"es","potentialAction":[{"@type":"ReadAction","target":["https:\/\/demos.daxes.net\/ivvit\/energotec\/servicios\/reparacion-de-bombas\/"]}]},{"@type":"BreadcrumbList","@id":"https:\/\/demos.daxes.net\/ivvit\/energotec\/servicios\/reparacion-de-bombas\/#breadcrumb","itemListElement":[{"@type":"ListItem","position":1,"name":"Home","item":"https:\/\/demos.daxes.net\/ivvit\/energotec\/"},{"@type":"ListItem","position":2,"name":"Servicios","item":"https:\/\/demos.daxes.net\/ivvit\/energotec\/servicios\/"},{"@type":"ListItem","position":3,"name":"Reparaci\u00f3n de bombas de vac\u00edo"}]},{"@type":"WebSite","@id":"https:\/\/demos.daxes.net\/ivvit\/energotec\/#website","url":"https:\/\/demos.daxes.net\/ivvit\/energotec\/","name":"Energotec","description":"Equipos industriales y herramientas de alta calidad","publisher":{"@id":"https:\/\/demos.daxes.net\/ivvit\/energotec\/#organization"},"potentialAction":[{"@type":"SearchAction","target":{"@type":"EntryPoint","urlTemplate":"https:\/\/demos.daxes.net\/ivvit\/energotec\/?s={search_term_string}"},"query-input":"required name=search_term_string"}],"inLanguage":"es"},{"@type":"Organization","@id":"https:\/\/demos.daxes.net\/ivvit\/energotec\/#organization","name":"Energotec","url":"https:\/\/demos.daxes.net\/ivvit\/energotec\/","logo":{"@type":"ImageObject","inLanguage":"es","@id":"https:\/\/demos.daxes.net\/ivvit\/energotec\/#\/schema\/logo\/image\/","url":"https:\/\/demos.daxes.net\/ivvit\/energotec\/wp-content\/uploads\/2022\/04\/logo-energotec.png","contentUrl":"https:\/\/demos.daxes.net\/ivvit\/energotec\/wp-content\/uploads\/2022\/04\/logo-energotec.png","width":290,"height":72,"caption":"Energotec"},"image":{"@id":"https:\/\/demos.daxes.net\/ivvit\/energotec\/#\/schema\/logo\/image\/"}}]}},"_links":{"self":[{"href":"https:\/\/demos.daxes.net\/ivvit\/energotec\/wp-json\/wp\/v2\/pages\/769","targetHints":{"allow":["GET"]}}],"collection":[{"href":"https:\/\/demos.daxes.net\/ivvit\/energotec\/wp-json\/wp\/v2\/pages"}],"about":[{"href":"https:\/\/demos.daxes.net\/ivvit\/energotec\/wp-json\/wp\/v2\/types\/page"}],"author":[{"embeddable":true,"href":"https:\/\/demos.daxes.net\/ivvit\/energotec\/wp-json\/wp\/v2\/users\/1"}],"replies":[{"embeddable":true,"href":"https:\/\/demos.daxes.net\/ivvit\/energotec\/wp-json\/wp\/v2\/comments?post=769"}],"version-history":[{"count":6,"href":"https:\/\/demos.daxes.net\/ivvit\/energotec\/wp-json\/wp\/v2\/pages\/769\/revisions"}],"predecessor-version":[{"id":2316,"href":"https:\/\/demos.daxes.net\/ivvit\/energotec\/wp-json\/wp\/v2\/pages\/769\/revisions\/2316"}],"up":[{"embeddable":true,"href":"https:\/\/demos.daxes.net\/ivvit\/energotec\/wp-json\/wp\/v2\/pages\/732"}],"wp:attachment":[{"href":"https:\/\/demos.daxes.net\/ivvit\/energotec\/wp-json\/wp\/v2\/media?parent=769"}],"curies":[{"name":"wp","href":"https:\/\/api.w.org\/{rel}","templated":true}]}}