{"id":801,"date":"2016-10-09T22:21:35","date_gmt":"2016-10-09T22:21:35","guid":{"rendered":"http:\/\/cosmicperu.com\/clientes\/Energotec\/?page_id=801"},"modified":"2022-12-20T01:34:52","modified_gmt":"2022-12-20T06:34:52","slug":"contacto","status":"publish","type":"page","link":"https:\/\/demos.daxes.net\/ivvit\/energotec\/contacto\/","title":{"rendered":"Contacto"},"content":{"rendered":"<div class=\"wpb-content-wrapper\"><p>[vc_row css=\u00bb.vc_custom_1436432359219{margin-bottom: 60px !important;}\u00bb][vc_column width=\u00bb1\/3&#8243;]<h5 class='heading-content  style-1' ><span>MEDIOS DE CONTACTO<\/span><\/h5>[vc_empty_space height=\u00bb15px\u00bb][vc_column_text]<strong style=\"color: #727272;\">OFICINA PRINCIPAL LIMA<\/strong><br \/>\nCalle Los Pl\u00e1sticos 204, Urb. Vulcano &#8211; Ate Vitarte<br \/>\nLima 03 Per\u00fa<br \/>\nCentral: +511-348-7570[\/vc_column_text][vc_empty_space][vc_column_text]<strong style=\"color: #727272;\">SUCURSAL AREQUIPA<br \/>\n<\/strong>Av. Aviaci\u00f3n 401, Cerro Colorado \u2013 Arequipa<br \/>\nCentral: +51-987966126<br \/>\nEmail: <a href=\"mailto:energotecarequipa@energotecsac.com\">energotecarequipa@energotecsac.com<\/a>[\/vc_column_text][vc_empty_space][vc_column_text]<strong style=\"color: #727272;\">REPRESENTANTE ZONA NORTE<br \/>\n<\/strong><\/p>\n<p>Karina Sandoval<br \/>\nTel:\u00a0 +51-957162341<br \/>\nEmail:\u00a0 <a href=\"mailto:ksandoval@energotecsac.com\" rel=\"noopener noreferrer\">ksandoval@energotecsac.com<\/a>[\/vc_column_text][vc_empty_space][vc_column_text]<strong style=\"color: #727272;\">CONTACTO DE \u00c1REAS\u00a0<\/strong><\/p>\n<p><em>\u00c1rea de ventas: Piero Bernaola<\/em><\/p>\n<p>Tel\u00e9fono: +51-982564936<br \/>\nE-mail: <a href=\"mailto:ventas@energotecsac.com\">ventas@energotecsac.com<\/a><\/p>\n<p><em>\u00c1rea de instrumentaci\u00f3n: Luis Poves<\/em><\/p>\n<p>Tel\u00e9fono: +51-954603706<br \/>\nE-mail: <a href=\"mailto:lpoves@energotecsac.com\" rel=\"noopener\">lpoves@energotecsac.com<\/a><\/p>\n<p><em>Servicio t\u00e9cnico: Nyger Moreno<\/em><\/p>\n<p>Tel\u00e9fono: +51-962874223<br \/>\nE-mail: <a href=\"mailto:mantenimiento@energotecsac.com\" rel=\"noopener\">mantenimiento@energotecsac.com<\/a><wbr \/><\/p>\n<p><em>Repuestos: Cristina Arellano<\/em><\/p>\n<p>Tel\u00e9fono: +51-966669009<br \/>\nE-mail: <a href=\"mailto:carellano@energotecsac.com\" rel=\"noopener\">carellano@energotecsac.com<\/a>[\/vc_column_text][vc_empty_space][\/vc_column][vc_column width=\u00bb2\/3&#8243;]<h5 class='heading-content  style-1' ><span>SUCURSAL LIMA<\/span><\/h5>[vc_empty_space height=\u00bb15px\u00bb]<div data-styles='[{\"featureType\":\"landscape\",\"stylers\":[{\"saturation\":-100},{\"lightness\":65},{\"visibility\":\"on\"}]},{\"featureType\":\"poi\",\"stylers\":[{\"saturation\":-100},{\"lightness\":51},{\"visibility\":\"simplified\"}]},{\"featureType\":\"road.highway\",\"stylers\":[{\"saturation\":-100},{\"visibility\":\"simplified\"}]},{\"featureType\":\"road.arterial\",\"stylers\":[{\"saturation\":-100},{\"lightness\":30},{\"visibility\":\"on\"}]},{\"featureType\":\"road.local\",\"stylers\":[{\"saturation\":-100},{\"lightness\":40},{\"visibility\":\"on\"}]},{\"featureType\":\"transit\",\"stylers\":[{\"saturation\":-100},{\"visibility\":\"simplified\"}]},{\"featureType\":\"administrative.province\",\"stylers\":[{\"visibility\":\"off\"}]},{\"featureType\":\"water\",\"elementType\":\"labels\",\"stylers\":[{\"visibility\":\"on\"},{\"lightness\":-25},{\"saturation\":-100}]},{\"featureType\":\"water\",\"elementType\":\"geometry\",\"stylers\":[{\"hue\":\"#ffff00\"},{\"lightness\":-25},{\"saturation\":-97}]}]' class='map' id='map1' style='height: 400px;' data-type='ROADMAP' data-zoom='14' data-scroll='true' data-markers='calle Los Pl\u00e1sticos 204, Urb. Vulcano &#8211; Ate Vitarte'><\/div>[vc_empty_space]<h5 class='heading-content  style-1' ><span>ENV\u00cdENOS UN MENSAJE<\/span><\/h5>[vc_empty_space height=\u00bb15px\u00bb]\n<div class=\"wpcf7 no-js\" id=\"wpcf7-f804-o1\" lang=\"en-US\" dir=\"ltr\" data-wpcf7-id=\"804\">\n<div class=\"screen-reader-response\"><p role=\"status\" aria-live=\"polite\" aria-atomic=\"true\"><\/p> <ul><\/ul><\/div>\n<form action=\"\/ivvit\/energotec\/wp-json\/wp\/v2\/pages\/801#wpcf7-f804-o1\" method=\"post\" class=\"wpcf7-form init\" aria-label=\"Contact form\" novalidate=\"novalidate\" data-status=\"init\">\n<div style=\"display: none;\">\n<input type=\"hidden\" name=\"_wpcf7\" value=\"804\" \/>\n<input type=\"hidden\" name=\"_wpcf7_version\" value=\"6.0.6\" \/>\n<input type=\"hidden\" name=\"_wpcf7_locale\" value=\"en_US\" \/>\n<input type=\"hidden\" name=\"_wpcf7_unit_tag\" value=\"wpcf7-f804-o1\" \/>\n<input type=\"hidden\" name=\"_wpcf7_container_post\" value=\"0\" \/>\n<input type=\"hidden\" name=\"_wpcf7_posted_data_hash\" value=\"\" \/>\n<input type=\"hidden\" name=\"_wpcf7_recaptcha_response\" value=\"\" \/>\n<\/div>\n<div class=\"col-sm-5 noleftpadding\">\n\t<p><span class=\"wpcf7-form-control-wrap\" data-name=\"your-name\"><input size=\"40\" maxlength=\"400\" class=\"wpcf7-form-control wpcf7-text wpcf7-validates-as-required\" aria-required=\"true\" aria-invalid=\"false\" placeholder=\"Nombre*\" value=\"\" type=\"text\" name=\"your-name\" \/><\/span>\n\t<\/p>\n\t<p><span class=\"wpcf7-form-control-wrap\" data-name=\"your-subject\"><input size=\"40\" maxlength=\"400\" class=\"wpcf7-form-control wpcf7-text wpcf7-validates-as-required\" aria-required=\"true\" aria-invalid=\"false\" placeholder=\"Asunto*\" value=\"\" type=\"text\" name=\"your-subject\" \/><\/span>\n\t<\/p>\n\t<p><span class=\"wpcf7-form-control-wrap\" data-name=\"your-email\"><input size=\"40\" maxlength=\"400\" class=\"wpcf7-form-control wpcf7-email wpcf7-validates-as-required wpcf7-text wpcf7-validates-as-email\" aria-required=\"true\" aria-invalid=\"false\" placeholder=\"Email*\" value=\"\" type=\"email\" name=\"your-email\" \/><\/span>\n\t<\/p>\n<\/div>\n<div class=\"col-sm-7 norightpadding\">\n\t<p><span class=\"wpcf7-form-control-wrap\" data-name=\"your-message\"><textarea cols=\"25\" rows=\"3\" maxlength=\"2000\" class=\"wpcf7-form-control wpcf7-textarea\" aria-invalid=\"false\" placeholder=\"Mensaje*\" name=\"your-message\"><\/textarea><\/span>\n\t<\/p>\n<\/div>\n<div class=\"col-sm-12 noleftpadding\">\n\t<p><span class=\"wpcf7-form-control-wrap\" data-name=\"legales\"><span class=\"wpcf7-form-control wpcf7-checkbox wpcf7-validates-as-required\"><span class=\"wpcf7-list-item first last\"><input type=\"checkbox\" name=\"legales[]\" value=\"* He le\u00eddo y acepto los t\u00e9rminos de la Cl\u00e1usula de Protecci\u00f3n de Datos Personales.\" \/><span class=\"wpcf7-list-item-label\">* He le\u00eddo y acepto los t\u00e9rminos de la Cl\u00e1usula de Protecci\u00f3n de Datos Personales.<\/span><\/span><\/span><\/span><a style=\"color: #c20000;\" href=\"https:\/\/demos.daxes.net\/ivvit\/energotec\/legales-01\">Leer la Cl\u00e1usula de Protecci\u00f3n de Datos Personales<\/a>\n\t<\/p>\n<\/div>\n<div class=\"col-sm-12 norightpadding\">\n\t<p><input class=\"wpcf7-form-control wpcf7-submit has-spinner\" type=\"submit\" value=\"ENVIAR MENSAJE\" \/>\n\t<\/p>\n<\/div><div class=\"wpcf7-response-output\" aria-hidden=\"true\"><\/div>\n<\/form>\n<\/div>\n[vc_empty_space height=\u00bb25px\u00bb][\/vc_column][\/vc_row]<\/p>\n<\/div>","protected":false},"excerpt":{"rendered":"<p>[vc_row css=\u00bb.vc_custom_1436432359219{margin-bottom: 60px !important;}\u00bb][vc_column width=\u00bb1\/3&#8243;][vc_empty_space height=\u00bb15px\u00bb][vc_column_text]OFICINA PRINCIPAL LIMA Calle Los Pl\u00e1sticos 204, Urb. Vulcano &#8211; Ate Vitarte Lima 03 Per\u00fa Central: +511-348-7570[\/vc_column_text][vc_empty_space][vc_column_text]SUCURSAL AREQUIPA Av. Aviaci\u00f3n 401, Cerro Colorado \u2013 Arequipa Central: +51-987966126 Email: energotecarequipa@energotecsac.com[\/vc_column_text][vc_empty_space][vc_column_text]REPRESENTANTE ZONA NORTE Karina Sandoval Tel:\u00a0 +51-957162341 &hellip;<\/p>\n","protected":false},"author":1,"featured_media":0,"parent":0,"menu_order":0,"comment_status":"closed","ping_status":"open","template":"","meta":{"_glsr_average":0,"_glsr_ranking":0,"_glsr_reviews":0,"footnotes":""},"class_list":["post-801","page","type-page","status-publish","hentry"],"yoast_head":"<!-- This site is optimized with the Yoast SEO plugin v22.7 - https:\/\/yoast.com\/wordpress\/plugins\/seo\/ -->\n<title>Contacto - Energotec<\/title>\n<meta name=\"description\" content=\"Oficina principal (Lima): Calle Los Pl\u00e1sticos 204, Urb. Vulcano \u2013 Ate Vitarte. Central: +511-348-7570. E-mail: ventas@energotecsac.com\" \/>\n<meta name=\"robots\" content=\"index, follow, max-snippet:-1, max-image-preview:large, max-video-preview:-1\" \/>\n<link rel=\"canonical\" href=\"https:\/\/demos.daxes.net\/ivvit\/energotec\/contacto\/\" \/>\n<meta property=\"og:locale\" content=\"es_ES\" \/>\n<meta property=\"og:type\" content=\"article\" \/>\n<meta property=\"og:title\" content=\"Contacto - Energotec\" \/>\n<meta property=\"og:description\" content=\"Oficina principal (Lima): Calle Los Pl\u00e1sticos 204, Urb. Vulcano \u2013 Ate Vitarte. Central: +511-348-7570. E-mail: ventas@energotecsac.com\" \/>\n<meta property=\"og:url\" content=\"https:\/\/demos.daxes.net\/ivvit\/energotec\/contacto\/\" \/>\n<meta property=\"og:site_name\" content=\"Energotec\" \/>\n<meta property=\"article:modified_time\" content=\"2022-12-20T06:34:52+00:00\" \/>\n<meta name=\"twitter:card\" content=\"summary_large_image\" \/>\n<meta name=\"twitter:label1\" content=\"Tiempo de lectura\" \/>\n\t<meta name=\"twitter:data1\" content=\"1 minuto\" \/>\n<script type=\"application\/ld+json\" class=\"yoast-schema-graph\">{\"@context\":\"https:\/\/schema.org\",\"@graph\":[{\"@type\":\"WebPage\",\"@id\":\"https:\/\/demos.daxes.net\/ivvit\/energotec\/contacto\/\",\"url\":\"https:\/\/demos.daxes.net\/ivvit\/energotec\/contacto\/\",\"name\":\"Contacto - Energotec\",\"isPartOf\":{\"@id\":\"https:\/\/demos.daxes.net\/ivvit\/energotec\/#website\"},\"datePublished\":\"2016-10-09T22:21:35+00:00\",\"dateModified\":\"2022-12-20T06:34:52+00:00\",\"description\":\"Oficina principal (Lima): Calle Los Pl\u00e1sticos 204, Urb. Vulcano \u2013 Ate Vitarte. Central: +511-348-7570. E-mail: ventas@energotecsac.com\",\"breadcrumb\":{\"@id\":\"https:\/\/demos.daxes.net\/ivvit\/energotec\/contacto\/#breadcrumb\"},\"inLanguage\":\"es\",\"potentialAction\":[{\"@type\":\"ReadAction\",\"target\":[\"https:\/\/demos.daxes.net\/ivvit\/energotec\/contacto\/\"]}]},{\"@type\":\"BreadcrumbList\",\"@id\":\"https:\/\/demos.daxes.net\/ivvit\/energotec\/contacto\/#breadcrumb\",\"itemListElement\":[{\"@type\":\"ListItem\",\"position\":1,\"name\":\"Home\",\"item\":\"https:\/\/demos.daxes.net\/ivvit\/energotec\/\"},{\"@type\":\"ListItem\",\"position\":2,\"name\":\"Contacto\"}]},{\"@type\":\"WebSite\",\"@id\":\"https:\/\/demos.daxes.net\/ivvit\/energotec\/#website\",\"url\":\"https:\/\/demos.daxes.net\/ivvit\/energotec\/\",\"name\":\"Energotec\",\"description\":\"Equipos industriales y herramientas de alta calidad\",\"publisher\":{\"@id\":\"https:\/\/demos.daxes.net\/ivvit\/energotec\/#organization\"},\"potentialAction\":[{\"@type\":\"SearchAction\",\"target\":{\"@type\":\"EntryPoint\",\"urlTemplate\":\"https:\/\/demos.daxes.net\/ivvit\/energotec\/?s={search_term_string}\"},\"query-input\":\"required name=search_term_string\"}],\"inLanguage\":\"es\"},{\"@type\":\"Organization\",\"@id\":\"https:\/\/demos.daxes.net\/ivvit\/energotec\/#organization\",\"name\":\"Energotec\",\"url\":\"https:\/\/demos.daxes.net\/ivvit\/energotec\/\",\"logo\":{\"@type\":\"ImageObject\",\"inLanguage\":\"es\",\"@id\":\"https:\/\/demos.daxes.net\/ivvit\/energotec\/#\/schema\/logo\/image\/\",\"url\":\"https:\/\/demos.daxes.net\/ivvit\/energotec\/wp-content\/uploads\/2022\/04\/logo-energotec.png\",\"contentUrl\":\"https:\/\/demos.daxes.net\/ivvit\/energotec\/wp-content\/uploads\/2022\/04\/logo-energotec.png\",\"width\":290,\"height\":72,\"caption\":\"Energotec\"},\"image\":{\"@id\":\"https:\/\/demos.daxes.net\/ivvit\/energotec\/#\/schema\/logo\/image\/\"}}]}<\/script>\n<!-- \/ Yoast SEO plugin. -->","yoast_head_json":{"title":"Contacto - Energotec","description":"Oficina principal (Lima): Calle Los Pl\u00e1sticos 204, Urb. Vulcano \u2013 Ate Vitarte. Central: +511-348-7570. E-mail: ventas@energotecsac.com","robots":{"index":"index","follow":"follow","max-snippet":"max-snippet:-1","max-image-preview":"max-image-preview:large","max-video-preview":"max-video-preview:-1"},"canonical":"https:\/\/demos.daxes.net\/ivvit\/energotec\/contacto\/","og_locale":"es_ES","og_type":"article","og_title":"Contacto - Energotec","og_description":"Oficina principal (Lima): Calle Los Pl\u00e1sticos 204, Urb. Vulcano \u2013 Ate Vitarte. Central: +511-348-7570. E-mail: ventas@energotecsac.com","og_url":"https:\/\/demos.daxes.net\/ivvit\/energotec\/contacto\/","og_site_name":"Energotec","article_modified_time":"2022-12-20T06:34:52+00:00","twitter_card":"summary_large_image","twitter_misc":{"Tiempo de lectura":"1 minuto"},"schema":{"@context":"https:\/\/schema.org","@graph":[{"@type":"WebPage","@id":"https:\/\/demos.daxes.net\/ivvit\/energotec\/contacto\/","url":"https:\/\/demos.daxes.net\/ivvit\/energotec\/contacto\/","name":"Contacto - Energotec","isPartOf":{"@id":"https:\/\/demos.daxes.net\/ivvit\/energotec\/#website"},"datePublished":"2016-10-09T22:21:35+00:00","dateModified":"2022-12-20T06:34:52+00:00","description":"Oficina principal (Lima): Calle Los Pl\u00e1sticos 204, Urb. Vulcano \u2013 Ate Vitarte. Central: +511-348-7570. E-mail: ventas@energotecsac.com","breadcrumb":{"@id":"https:\/\/demos.daxes.net\/ivvit\/energotec\/contacto\/#breadcrumb"},"inLanguage":"es","potentialAction":[{"@type":"ReadAction","target":["https:\/\/demos.daxes.net\/ivvit\/energotec\/contacto\/"]}]},{"@type":"BreadcrumbList","@id":"https:\/\/demos.daxes.net\/ivvit\/energotec\/contacto\/#breadcrumb","itemListElement":[{"@type":"ListItem","position":1,"name":"Home","item":"https:\/\/demos.daxes.net\/ivvit\/energotec\/"},{"@type":"ListItem","position":2,"name":"Contacto"}]},{"@type":"WebSite","@id":"https:\/\/demos.daxes.net\/ivvit\/energotec\/#website","url":"https:\/\/demos.daxes.net\/ivvit\/energotec\/","name":"Energotec","description":"Equipos industriales y herramientas de alta calidad","publisher":{"@id":"https:\/\/demos.daxes.net\/ivvit\/energotec\/#organization"},"potentialAction":[{"@type":"SearchAction","target":{"@type":"EntryPoint","urlTemplate":"https:\/\/demos.daxes.net\/ivvit\/energotec\/?s={search_term_string}"},"query-input":"required name=search_term_string"}],"inLanguage":"es"},{"@type":"Organization","@id":"https:\/\/demos.daxes.net\/ivvit\/energotec\/#organization","name":"Energotec","url":"https:\/\/demos.daxes.net\/ivvit\/energotec\/","logo":{"@type":"ImageObject","inLanguage":"es","@id":"https:\/\/demos.daxes.net\/ivvit\/energotec\/#\/schema\/logo\/image\/","url":"https:\/\/demos.daxes.net\/ivvit\/energotec\/wp-content\/uploads\/2022\/04\/logo-energotec.png","contentUrl":"https:\/\/demos.daxes.net\/ivvit\/energotec\/wp-content\/uploads\/2022\/04\/logo-energotec.png","width":290,"height":72,"caption":"Energotec"},"image":{"@id":"https:\/\/demos.daxes.net\/ivvit\/energotec\/#\/schema\/logo\/image\/"}}]}},"_links":{"self":[{"href":"https:\/\/demos.daxes.net\/ivvit\/energotec\/wp-json\/wp\/v2\/pages\/801","targetHints":{"allow":["GET"]}}],"collection":[{"href":"https:\/\/demos.daxes.net\/ivvit\/energotec\/wp-json\/wp\/v2\/pages"}],"about":[{"href":"https:\/\/demos.daxes.net\/ivvit\/energotec\/wp-json\/wp\/v2\/types\/page"}],"author":[{"embeddable":true,"href":"https:\/\/demos.daxes.net\/ivvit\/energotec\/wp-json\/wp\/v2\/users\/1"}],"replies":[{"embeddable":true,"href":"https:\/\/demos.daxes.net\/ivvit\/energotec\/wp-json\/wp\/v2\/comments?post=801"}],"version-history":[{"count":23,"href":"https:\/\/demos.daxes.net\/ivvit\/energotec\/wp-json\/wp\/v2\/pages\/801\/revisions"}],"predecessor-version":[{"id":2046,"href":"https:\/\/demos.daxes.net\/ivvit\/energotec\/wp-json\/wp\/v2\/pages\/801\/revisions\/2046"}],"wp:attachment":[{"href":"https:\/\/demos.daxes.net\/ivvit\/energotec\/wp-json\/wp\/v2\/media?parent=801"}],"curies":[{"name":"wp","href":"https:\/\/api.w.org\/{rel}","templated":true}]}}